{"id":5503,"date":"2024-11-09T11:32:53","date_gmt":"2024-11-09T04:32:53","guid":{"rendered":"https:\/\/esteemtravelvn.com\/?page_id=5503"},"modified":"2024-11-09T11:34:43","modified_gmt":"2024-11-09T04:34:43","slug":"5503-2","status":"publish","type":"page","link":"https:\/\/esteemtravelvn.com\/de\/5503-2\/","title":{"rendered":"\u00fcber uns"},"content":{"rendered":"<p style=\"padding-left: 40px;\"><span style=\"color: #000000;\"><a href=\"http:\/\/esteemtravelvn.com\/wp-content\/uploads\/2024\/11\/Muong-Hoa-Valley-Sapa.jpg\"><img decoding=\"async\" class=\"size-full wp-image-5367 aligncenter\" src=\"http:\/\/esteemtravelvn.com\/wp-content\/uploads\/2024\/11\/Muong-Hoa-Valley-Sapa.jpg\" alt=\"Muong-Hoa-Valley-Sapa\" width=\"1200\" height=\"800\" srcset=\"https:\/\/esteemtravelvn.com\/wp-content\/uploads\/2024\/11\/Muong-Hoa-Valley-Sapa.jpg 1200w, https:\/\/esteemtravelvn.com\/wp-content\/uploads\/2024\/11\/Muong-Hoa-Valley-Sapa-300x200.jpg 300w, https:\/\/esteemtravelvn.com\/wp-content\/uploads\/2024\/11\/Muong-Hoa-Valley-Sapa-1024x683.jpg 1024w, https:\/\/esteemtravelvn.com\/wp-content\/uploads\/2024\/11\/Muong-Hoa-Valley-Sapa-768x512.jpg 768w, https:\/\/esteemtravelvn.com\/wp-content\/uploads\/2024\/11\/Muong-Hoa-Valley-Sapa-800x533.jpg 800w\" sizes=\"(max-width: 1200px) 100vw, 1200px\" \/><\/a><\/span><\/p>\n<p style=\"padding-left: 40px;\"><span style=\"color: #000000;\">Bei Esteem Vietnam Travel begann unsere Reise vor f\u00fcnf Jahren mit einer mutigen und unersch\u00fctterlichen Vision: das Reisen in Vietnam zu transformieren und auf ein neues Niveau zu heben. Wir wollten dem heimischen Tourismus eine neue Dimension verleihen, in der jede Reise \u00fcber das Gew\u00f6hnliche hinausgeht und Luxus mit bedeutsamen, immersiven Erfahrungen verbindet, die in der reichen vietnamesischen Kultur verwurzelt sind. Was als kleine, engagierte Agentur begann, hat sich zu einem der f\u00fchrenden Reiseunternehmen in Vietnam entwickelt, dem anspruchsvolle Reisende aus aller Welt vertrauen, die nicht nur den Komfort des gehobenen Reisens, sondern auch eine tiefe Verbindung mit dem Erbe und den Menschen Vietnams suchen. Heute ist Esteem Vietnam Travel ein f\u00fchrender Anbieter f\u00fcr Luxus- und Erlebnistourismus, bekannt f\u00fcr die Gestaltung au\u00dfergew\u00f6hnlicher Reisen, die Reisende ermutigen, \u201eden Einheimischen zu vertrauen, Esteem zu erleben und Luxus neu zu definieren\u201c.<\/span><\/p>\n<h3 style=\"padding-left: 40px;\"><strong><span style=\"color: #000000;\">Unsere Mission und Philosophie: Den Einheimischen Vertrauen, Esteem Erleben<\/span><\/strong><\/h3>\n<p style=\"padding-left: 40px;\"><span style=\"color: #000000;\">Im Herzen von Esteem Vietnam Travel steht unsere Mission, die Art und Weise, wie Reisende Vietnam erleben, neu zu definieren. Wir glauben, dass wahrer Luxus mehr ist als luxuri\u00f6se Unterk\u00fcnfte und gehobene Gastronomie; es geht darum, Authentizit\u00e4t zu bieten und echte Verbindungen zu den Orten und Menschen zu f\u00f6rdern, die man auf dem Weg trifft. F\u00fcr uns bedeutet Luxus durchdachtes, personalisiertes Reisen, das auf einer tieferen Ebene ankommt. Wir laden unsere G\u00e4ste ein, den Einheimischen zu vertrauen \u2013 begleitet von unserem erfahrenen Team, das jede Reiseroute mit der W\u00e4rme und F\u00fclle der vietnamesischen Kultur erf\u00fcllt. Jeder unserer Reiseleiter ist ein echter Lokalexperte, spricht mehrere Sprachen und bietet mehr als nur eine Tour. Sie erwecken das Herz und die Seele Vietnams zum Leben und \u00fcberbr\u00fccken die Kluft zwischen luxuri\u00f6sem Reisen und kultureller Immersion.<\/span><\/p>\n<figure id=\"attachment_5372\" aria-describedby=\"caption-attachment-5372\" style=\"width: 1000px\" class=\"wp-caption aligncenter\"><a href=\"http:\/\/esteemtravelvn.com\/wp-content\/uploads\/2024\/11\/Daily-life-at-Hanoi-train-street.jpg\"><img decoding=\"async\" class=\"wp-image-5372 size-full\" src=\"http:\/\/esteemtravelvn.com\/wp-content\/uploads\/2024\/11\/Daily-life-at-Hanoi-train-street.jpg\" alt=\"Hanoi train street Hidden gems\" width=\"1000\" height=\"667\" srcset=\"https:\/\/esteemtravelvn.com\/wp-content\/uploads\/2024\/11\/Daily-life-at-Hanoi-train-street.jpg 1000w, https:\/\/esteemtravelvn.com\/wp-content\/uploads\/2024\/11\/Daily-life-at-Hanoi-train-street-300x200.jpg 300w, https:\/\/esteemtravelvn.com\/wp-content\/uploads\/2024\/11\/Daily-life-at-Hanoi-train-street-768x512.jpg 768w, https:\/\/esteemtravelvn.com\/wp-content\/uploads\/2024\/11\/Daily-life-at-Hanoi-train-street-800x534.jpg 800w\" sizes=\"(max-width: 1000px) 100vw, 1000px\" \/><\/a><figcaption id=\"caption-attachment-5372\" class=\"wp-caption-text\">Das t\u00e4gliche Leben in der Eisenbahnstra\u00dfe von Hanoi<\/figcaption><\/figure>\n<p style=\"padding-left: 40px;\"><span style=\"color: #000000;\">Unser Engagement f\u00fcr \u201eExperience Esteem\u201c bedeutet, Respekt, Liebe zum Detail und Kundenbetreuung in jedem Schritt der Reise zu priorisieren. Wir wissen, dass Reisen mehr als nur eine Reiseroute ist; es ist eine pers\u00f6nliche Entdeckungsreise, und jeder Aspekt unseres Service spiegelt dieses Verst\u00e4ndnis wider. Vom ersten Kontakt bis zum Abschiedstreffen strebt Esteem Vietnam Travel danach, ein Erlebnis zu bieten, bei dem sich unsere G\u00e4ste gesch\u00e4tzt, geh\u00f6rt und inspiriert f\u00fchlen.<\/span><\/p>\n<h3 style=\"padding-left: 40px;\"><strong><span style=\"color: #000000;\">Eine Reise durch Vietnams verborgene Sch\u00e4tze: Einzigartige Reiseerlebnisse gestalten<\/span><\/strong><\/h3>\n<p style=\"padding-left: 40px;\"><span style=\"color: #000000;\">In den letzten f\u00fcnf Jahren ist Esteem Vietnam Travel zum Synonym f\u00fcr die Erkundung der versteckten Sch\u00e4tze Vietnams geworden. Wir sind darauf spezialisiert, Orte zu entdecken, die vom Massentourismus unber\u00fchrt bleiben und eine ruhige und friedliche Zuflucht f\u00fcr Reisende bieten, die Frieden, Privatsph\u00e4re und Authentizit\u00e4t suchen. Ob ein abgelegener R\u00fcckzugsort in den \u00fcppigen Bergen von Mai Chau, eine private Kreuzfahrt durch die weniger besuchte Bai Tu Long-Bucht oder ein ruhiger Strandaufenthalt auf den Con Dao-Inseln \u2013 jedes Reiseziel wird sorgf\u00e4ltig ausgew\u00e4hlt, um nat\u00fcrliche Sch\u00f6nheit, kulturelle Bedeutung und ein wahrhaft luxuri\u00f6ses und unaufdringliches Erlebnis zu bieten.<\/span><\/p>\n<figure id=\"attachment_5422\" aria-describedby=\"caption-attachment-5422\" style=\"width: 1068px\" class=\"wp-caption aligncenter\"><a href=\"http:\/\/esteemtravelvn.com\/wp-content\/uploads\/2024\/11\/bai-tu-long-bay-vietnam.jpg\"><img decoding=\"async\" class=\"size-full wp-image-5422\" src=\"http:\/\/esteemtravelvn.com\/wp-content\/uploads\/2024\/11\/bai-tu-long-bay-vietnam.jpg\" alt=\"Bai Tu Long Bay Vietnam\" width=\"1068\" height=\"800\" srcset=\"https:\/\/esteemtravelvn.com\/wp-content\/uploads\/2024\/11\/bai-tu-long-bay-vietnam.jpg 1068w, https:\/\/esteemtravelvn.com\/wp-content\/uploads\/2024\/11\/bai-tu-long-bay-vietnam-300x225.jpg 300w, https:\/\/esteemtravelvn.com\/wp-content\/uploads\/2024\/11\/bai-tu-long-bay-vietnam-1024x767.jpg 1024w, https:\/\/esteemtravelvn.com\/wp-content\/uploads\/2024\/11\/bai-tu-long-bay-vietnam-768x575.jpg 768w, https:\/\/esteemtravelvn.com\/wp-content\/uploads\/2024\/11\/bai-tu-long-bay-vietnam-600x450.jpg 600w, https:\/\/esteemtravelvn.com\/wp-content\/uploads\/2024\/11\/bai-tu-long-bay-vietnam-800x599.jpg 800w\" sizes=\"(max-width: 1068px) 100vw, 1068px\" \/><\/a><figcaption id=\"caption-attachment-5422\" class=\"wp-caption-text\">Bai Tu Long Bay Vietnam<\/figcaption><\/figure>\n<h3 style=\"padding-left: 40px;\"><strong><span style=\"color: #000000;\">Ma\u00dfgeschneiderte Eventgestaltung und nahtlose Reiseorganisation<\/span><\/strong><\/h3>\n<p style=\"padding-left: 40px;\"><span style=\"color: #000000;\">Unsere Expertise beschr\u00e4nkt sich nicht auf gef\u00fchrte Touren; wir sind stolz darauf, eine umfassende Palette von Reiseleistungen anzubieten, darunter ma\u00dfgeschneiderte Eventgestaltung, Transportmanagement und detaillierte Programmplanung. Jedes Event, sei es eine romantische Strandhochzeit, ein Firmenretreat oder eine Familienfeier, wird mit Pr\u00e4zision und Eleganz gestaltet. Wir verstehen, dass unvergessliche Ereignisse eine fehlerfreie Ausf\u00fchrung erfordern, weshalb unser Logistikteam unerm\u00fcdlich daran arbeitet, sicherzustellen, dass jedes Element \u2013 vom Transport bis zur Einrichtung \u2013 reibungslos funktioniert. Mit unseren Dienstleistungen k\u00f6nnen Sie jeden Moment genie\u00dfen, in dem Wissen, dass jedes Detail sorgf\u00e4ltig arrangiert wurde.<\/span><\/p>\n<p>&nbsp;<\/p>\n<figure id=\"attachment_5175\" aria-describedby=\"caption-attachment-5175\" style=\"width: 1800px\" class=\"wp-caption aligncenter\"><a href=\"http:\/\/esteemtravelvn.com\/wp-content\/uploads\/2024\/10\/Beach-Family-Phu-Quoc.jpg\"><img decoding=\"async\" class=\"wp-image-5175 size-full\" src=\"http:\/\/esteemtravelvn.com\/wp-content\/uploads\/2024\/10\/Beach-Family-Phu-Quoc.jpg\" alt=\"Phu Quoc Island, Vietnam\" width=\"1800\" height=\"1200\" srcset=\"https:\/\/esteemtravelvn.com\/wp-content\/uploads\/2024\/10\/Beach-Family-Phu-Quoc.jpg 1800w, https:\/\/esteemtravelvn.com\/wp-content\/uploads\/2024\/10\/Beach-Family-Phu-Quoc-300x200.jpg 300w, https:\/\/esteemtravelvn.com\/wp-content\/uploads\/2024\/10\/Beach-Family-Phu-Quoc-1024x683.jpg 1024w, https:\/\/esteemtravelvn.com\/wp-content\/uploads\/2024\/10\/Beach-Family-Phu-Quoc-768x512.jpg 768w, https:\/\/esteemtravelvn.com\/wp-content\/uploads\/2024\/10\/Beach-Family-Phu-Quoc-1536x1024.jpg 1536w, https:\/\/esteemtravelvn.com\/wp-content\/uploads\/2024\/10\/Beach-Family-Phu-Quoc-800x533.jpg 800w\" sizes=\"(max-width: 1800px) 100vw, 1800px\" \/><\/a><figcaption id=\"caption-attachment-5175\" class=\"wp-caption-text\">Phu Quoc Island, Vietnam<\/figcaption><\/figure>\n<h3 style=\"padding-left: 40px;\"><strong><span style=\"color: #000000;\">Erweiterung unserer Expertise: Mehrsprachiges Personal und pers\u00f6nlicher Service<\/span><\/strong><\/h3>\n<p style=\"padding-left: 40px;\"><span style=\"color: #000000;\">Unsere Klientel ist vielf\u00e4ltig, und wir sind stolz darauf, jedem das Gef\u00fchl zu geben, in Vietnam zu Hause zu sein. Um unsere internationalen G\u00e4ste besser zu bedienen, haben wir unser Team um mehrsprachiges Personal erweitert, das flie\u00dfend Englisch, Spanisch, Franz\u00f6sisch, Italienisch, Portugiesisch und Deutsch spricht. Diese Sprachvielfalt erm\u00f6glicht es uns, effektiv zu kommunizieren und eine sinnvolle Verbindung zu Reisenden aus aller Welt herzustellen, wobei jede Erfahrung auf ihre Vorlieben und kulturellen Bed\u00fcrfnisse abgestimmt wird. Unsere Hingabe an pers\u00f6nlichen Service bedeutet, dass jede Reise individuell gestaltet wird, um die Interessen und W\u00fcnsche jedes Reisenden zu erf\u00fcllen und ein wirklich ma\u00dfgeschneidertes und komfortables Erlebnis zu gew\u00e4hrleisten.<\/span><\/p>\n<p style=\"padding-left: 40px;\"><span style=\"color: #000000;\"><a href=\"http:\/\/esteemtravelvn.com\/wp-content\/uploads\/2024\/09\/iConnect-Where-are-the-foreign-language-guides.jpg\"><img decoding=\"async\" class=\"size-full wp-image-4135 aligncenter\" src=\"http:\/\/esteemtravelvn.com\/wp-content\/uploads\/2024\/09\/iConnect-Where-are-the-foreign-language-guides.jpg\" alt=\"esteem travel-Where-are-the-foreign-language-guides\" width=\"800\" height=\"400\" srcset=\"https:\/\/esteemtravelvn.com\/wp-content\/uploads\/2024\/09\/iConnect-Where-are-the-foreign-language-guides.jpg 800w, https:\/\/esteemtravelvn.com\/wp-content\/uploads\/2024\/09\/iConnect-Where-are-the-foreign-language-guides-300x150.jpg 300w, https:\/\/esteemtravelvn.com\/wp-content\/uploads\/2024\/09\/iConnect-Where-are-the-foreign-language-guides-768x384.jpg 768w\" sizes=\"(max-width: 800px) 100vw, 800px\" \/><\/a><\/span><\/p>\n<p>&nbsp;<\/p>\n<h3 style=\"padding-left: 40px;\"><strong><span style=\"color: #000000;\">Lernen Sie die F\u00fchrungskr\u00e4fte hinter Esteem Vietnam Travel kennen<\/span><\/strong><\/h3>\n<p style=\"padding-left: 40px;\"><span style=\"color: #000000;\">Das Herz von Esteem Vietnam Travel ist unser engagiertes Team, das von leidenschaftlichen Fachleuten der Branche geleitet wird, die eine gemeinsame Vision teilen: Luxusreisen in Vietnam neu zu definieren.<\/span><\/p>\n<p style=\"padding-left: 40px;\"><span style=\"color: #000000;\">Jean Le (Gr\u00fcnderin &amp; Gesch\u00e4ftsf\u00fchrerin): Mit einer umfassenden Erfahrung in der Hotellerie und Veranstaltungsorganisation leitet Jean Le Esteem Travel mit einem Engagement f\u00fcr Exzellenz und Innovation. Ihre Vision ist es, Vietnams vielf\u00e4ltige Landschaften und Kulturen f\u00fcr diejenigen zug\u00e4nglich zu machen, die Luxus und Authentizit\u00e4t sch\u00e4tzen. Jeans Engagement f\u00fcr Qualit\u00e4t und ihre tiefe Liebe zu Vietnam inspirieren jede Reise, die bei Esteem Travel gestaltet wird.<\/span><\/p>\n<p style=\"padding-left: 40px;\"><span style=\"color: #000000;\">Rose Le (Direktorin f\u00fcr Operationen): Rose Les Fachkenntnisse in Logistik und Betriebsabl\u00e4ufen gew\u00e4hrleisten, dass jede Tour, Veranstaltung und jedes Erlebnis von Anfang bis Ende reibungslos verl\u00e4uft. Ihre akribische Liebe zum Detail und ihre starken Probleml\u00f6sungsf\u00e4higkeiten sind entscheidend f\u00fcr die hohen Standards von Esteem Vietnam Travel, sei es bei der Organisation einer privaten Kreuzfahrt, der Koordination von Transportmitteln oder der Zusammenstellung komplexer Reiserouten.<\/span><\/p>\n<h3 style=\"padding-left: 40px;\"><strong><span style=\"color: #000000;\">Unsere erfahrenen Reiseleiter: Kulturelles Eintauchen neu definieren<\/span><\/strong><\/h3>\n<p style=\"padding-left: 40px;\"><span style=\"color: #000000;\">Bei Esteem Vietnam Travel stehen unsere hochqualifizierten Reiseleiter im Mittelpunkt des Erlebnisses. Mehr als nur Reiseleiter sind sie kulturelle Botschafter, die die Geschichte, Traditionen und lokalen Einblicke Vietnams auf ansprechende und unvergessliche Weise teilen. Jeder Reiseleiter spricht mehrere Sprachen, darunter Englisch, Spanisch, Franz\u00f6sisch, Deutsch, Italienisch und Niederl\u00e4ndisch, und sorgt so daf\u00fcr, dass sich Reisende jederzeit wohl und informiert f\u00fchlen. Mit ihrem umfangreichen Wissen \u00fcber die historischen St\u00e4tten, die kulinarische Szene und die nat\u00fcrlichen Wunder Vietnams bieten unsere Reiseleiter ein bereicherndes Erlebnis, das \u00fcber blo\u00dfe Besichtigungen hinausgeht und es den Reisenden erm\u00f6glicht, sich tief mit dem kulturellen Erbe des Landes zu verbinden.<\/span><\/p>\n<h3 style=\"padding-left: 40px;\"><strong><span style=\"color: #000000;\">Luxus und kulturelle Verbindung neu definieren<\/span><\/strong><\/h3>\n<p style=\"padding-left: 40px;\"><span style=\"color: #000000;\">F\u00fcr Esteem Vietnam Travel bedeutet Luxus, jede Reise so zu personalisieren, dass sie die Interessen unserer G\u00e4ste widerspiegelt, und ein Erlebnis zu bieten, das \u00fcber das Erwartete hinausgeht. Unsere sorgf\u00e4ltig kuratierten Touren sollen die Sch\u00f6nheit der vietnamesischen Landschaften, die Vielfalt des kulturellen Erbes und die Herzlichkeit der Menschen hervorheben. Wir laden Reisende ein, Vietnam auf eine Weise zu erkunden, die Genuss mit kulturellem Eintauchen verbindet, von Besuchen alter Tempel und Wahrzeichen bis hin zur Entdeckung versteckter Str\u00e4nde und Bergretreats.<\/span><\/p>\n<p style=\"padding-left: 40px;\"><span style=\"color: #000000;\">Unser Engagement, \u201eLuxus neu zu definieren\u201c, zeigt sich in jeder sorgf\u00e4ltig geplanten Reiseroute. Von einer privaten Bootsfahrt durch die malerischen Wasserwege von Ninh Binh bis hin zu einer \u00d6ko-Tour durch die zum UNESCO-Welterbe geh\u00f6renden H\u00f6hlen von Phong Nha &#8211; Ke Bang, jedes Erlebnis spiegelt unser Bestreben wider, einzigartige und unvergessliche Momente zu schaffen. Ob Sie sich zu den malerischen Str\u00e4nden von Da Nang, den ruhigen Bergen von Yen Tu oder den unber\u00fchrten Inseln von Con Dao hingezogen f\u00fchlen, unsere Luxusreisen bieten sowohl Entspannung als auch Entdeckung und sorgen f\u00fcr ein tief erf\u00fcllendes und bedeutungsvolles Reiseerlebnis.<\/span><\/p>\n<figure id=\"attachment_5332\" aria-describedby=\"caption-attachment-5332\" style=\"width: 1280px\" class=\"wp-caption aligncenter\"><a href=\"http:\/\/esteemtravelvn.com\/wp-content\/uploads\/2024\/11\/Phong-Nha-Ke-Bang-National-Park.jpg\"><img decoding=\"async\" class=\"size-full wp-image-5332\" src=\"http:\/\/esteemtravelvn.com\/wp-content\/uploads\/2024\/11\/Phong-Nha-Ke-Bang-National-Park.jpg\" alt=\"phong nha ke bang hidden gems in Vietnam\" width=\"1280\" height=\"853\" srcset=\"https:\/\/esteemtravelvn.com\/wp-content\/uploads\/2024\/11\/Phong-Nha-Ke-Bang-National-Park.jpg 1280w, https:\/\/esteemtravelvn.com\/wp-content\/uploads\/2024\/11\/Phong-Nha-Ke-Bang-National-Park-300x200.jpg 300w, https:\/\/esteemtravelvn.com\/wp-content\/uploads\/2024\/11\/Phong-Nha-Ke-Bang-National-Park-1024x682.jpg 1024w, https:\/\/esteemtravelvn.com\/wp-content\/uploads\/2024\/11\/Phong-Nha-Ke-Bang-National-Park-768x512.jpg 768w, https:\/\/esteemtravelvn.com\/wp-content\/uploads\/2024\/11\/Phong-Nha-Ke-Bang-National-Park-800x533.jpg 800w\" sizes=\"(max-width: 1280px) 100vw, 1280px\" \/><\/a><figcaption id=\"caption-attachment-5332\" class=\"wp-caption-text\">Phong Nha Ke Bang cave &#8211; hidden gems in Vietnam<\/figcaption><\/figure>\n<h3 style=\"padding-left: 40px;\"><strong><span style=\"color: #000000;\">Begleiten Sie uns auf eine Reise der Entdeckung und Verbindung<\/span><\/strong><\/h3>\n<p style=\"padding-left: 40px;\"><span style=\"color: #000000;\">W\u00e4hrend wir uns darauf freuen, neue G\u00e4ste willkommen zu hei\u00dfen, bleibt unsere Mission dieselbe: das beste Reiseerlebnis in Vietnam zu bieten, bei dem Luxus und kulturelle Verbindung Hand in Hand gehen. Wir bedienen alle Arten von Reisenden, egal ob Sie eine budgetfreundliche Auszeit oder einen extravaganten, einmaligen Urlaub planen. Mit unserem engagierten Team ist Esteem Vietnam Travel Ihr Tor zu Vietnams versteckten Sch\u00e4tzen und unvergesslichen Erlebnissen.<\/span><\/p>\n<p style=\"padding-left: 40px;\"><span style=\"color: #000000;\">Lassen Sie sich von uns durch die Sch\u00f6nheit und Geschichte Vietnams f\u00fchren und ein Erlebnis bieten, das luxuri\u00f6s, pers\u00f6nlich und zutiefst bereichernd ist. Bei Esteem Vietnam Travel glauben wir, dass Reisen mehr ist als nur eine Reise, sondern eine M\u00f6glichkeit, sich mit der Welt und sich selbst zu verbinden. Lassen Sie uns Ihre Reise in ein bemerkenswertes Abenteuer verwandeln, gef\u00fcllt mit Entdeckungen, Luxus und kultureller Tiefe.<\/span><\/p>\n","protected":false},"excerpt":{"rendered":"<p>Bei Esteem Vietnam Travel begann unsere Reise vor f\u00fcnf Jahren mit einer mutigen und unersch\u00fctterlichen Vision: das Reisen in Vietnam zu transformieren und auf ein neues Niveau zu heben. Wir wollten dem heimischen Tourismus eine neue Dimension verleihen, in der jede Reise \u00fcber das Gew\u00f6hnliche hinausgeht und Luxus mit bedeutsamen, immersiven Erfahrungen verbindet, die in&#8230;<\/p>\n","protected":false},"author":2,"featured_media":5456,"parent":0,"menu_order":0,"comment_status":"closed","ping_status":"closed","template":"page-blank-title-center.php","meta":{"rank_math_lock_modified_date":false,"footnotes":""},"class_list":["post-5503","page","type-page","status-publish","has-post-thumbnail","hentry"],"acf":[],"_links":{"self":[{"href":"https:\/\/esteemtravelvn.com\/de\/wp-json\/wp\/v2\/pages\/5503"}],"collection":[{"href":"https:\/\/esteemtravelvn.com\/de\/wp-json\/wp\/v2\/pages"}],"about":[{"href":"https:\/\/esteemtravelvn.com\/de\/wp-json\/wp\/v2\/types\/page"}],"author":[{"embeddable":true,"href":"https:\/\/esteemtravelvn.com\/de\/wp-json\/wp\/v2\/users\/2"}],"replies":[{"embeddable":true,"href":"https:\/\/esteemtravelvn.com\/de\/wp-json\/wp\/v2\/comments?post=5503"}],"version-history":[{"count":0,"href":"https:\/\/esteemtravelvn.com\/de\/wp-json\/wp\/v2\/pages\/5503\/revisions"}],"wp:featuredmedia":[{"embeddable":true,"href":"https:\/\/esteemtravelvn.com\/de\/wp-json\/wp\/v2\/media\/5456"}],"wp:attachment":[{"href":"https:\/\/esteemtravelvn.com\/de\/wp-json\/wp\/v2\/media?parent=5503"}],"curies":[{"name":"wp","href":"https:\/\/api.w.org\/{rel}","templated":true}]}}