{"id":5985,"date":"2024-12-10T17:28:10","date_gmt":"2024-12-10T10:28:10","guid":{"rendered":"https:\/\/esteemtravelvn.com\/?post_type=product&#038;p=5985"},"modified":"2024-12-10T17:35:54","modified_gmt":"2024-12-10T10:35:54","slug":"hanois-verborgene-schaetze","status":"publish","type":"product","link":"https:\/\/esteemtravelvn.com\/de\/tour\/hanois-verborgene-schaetze\/","title":{"rendered":"Entdecken Sie die Hanois verborgene Sch\u00e4tze: Eine unvergessliche Reise durch Kunst, Kultur und Kulinarik"},"content":{"rendered":"<p><span style=\"color: #000000;\">Hanois verborgene Sch\u00e4tze<\/span><\/p>\n<p><span style=\"color: #000000;\">Die Hanois verborgene Sch\u00e4tze: Eine Tagestour. Die bezaubernde Hauptstadt Vietnams ist eine Stadt der Kontraste \u2013 ein Ort, an dem alte Traditionen nahtlos mit modernen Einfl\u00fcssen verschmelzen. W\u00e4hrend die ikonischen Wahrzeichen wie der Hoan-Kiem-See, die Altstadt und das Ho-Chi-Minh-Mausoleum wohlbekannt sind, beherbergt Hanoi auch eine F\u00fclle verborgener Sch\u00e4tze, die nur die neugierigsten Reisenden zu entdecken bekommen.<\/span><\/p>\n<p><span style=\"color: #000000;\">Diese Tour f\u00fchrt Sie abseits der ausgetretenen Pfade in das Herz der faszinierenden Kunstszene der Stadt, zu lebendiger Kultur, erstklassigem Kaffee und unwiderstehlichen kulinarischen K\u00f6stlichkeiten. Es ist der perfekte Weg, um Hanois verborgene Sch\u00e4tze jenseits der <\/span><span style=\"color: #000000;\">Touristenattraktionen zu entdecken und authentische Erlebnisse zu erleben, die einen bleibenden Eindruck hinterlassen werden.<\/span><\/p>\n<p><span style=\"color: #000000;\">Entdecken Sie die bezaubernde Hauptstadt Vietnams durch ihre weniger bekannten Sch\u00e4tze. Diese sorgf\u00e4ltig zusammengestellte Tour f\u00fchrt Sie abseits der ausgetretenen Pfade, um Hanois lebendige Kunst, einzigartige Kaffeekultur, traditionelles Handwerk und k\u00f6stliche K\u00fcche zu entdecken.<\/span><\/p>\n<h3><span style=\"color: #000000;\">Was Sie erwartet &#8211; Hanois verborgene Sch\u00e4tze<\/span><\/h3>\n<h4><span style=\"color: #000000;\"><strong>Kunsttour<\/strong>: Erkunden Sie Hanois aufstrebende Kunstszene \u2013 Hanois verborgene Sch\u00e4tze<\/span><\/h4>\n<p><span style=\"color: #000000;\">Beginnen Sie Ihren Tag mit einem Ausflug in Hanois lebendige Kunstszene. Besuchen Sie Galerien und Ateliers, in denen Werke der vielversprechendsten jungen K\u00fcnstler der Stadt ausgestellt sind. Gewinnen Sie einzigartige Einblicke in die moderne vietnamesische Kultur durch ihre kreativen Ausdrucksformen und haben Sie die M\u00f6glichkeit, direkt mit den K\u00fcnstlern selbst zu interagieren.<\/span><\/p>\n<h4><span style=\"color: #000000;\"><strong>Kaffeeverkostungserlebnis<\/strong>: Hanois Kaffeekultur enth\u00fcllt<\/span><\/h4>\n<p><span style=\"color: #000000;\">Tauchen Sie bei einer F\u00fchrung durch versteckte Caf\u00e9s in Hanois Kaffeekultur ein. Probieren Sie charakteristische Gebr\u00e4ue wie Eierkaffee und Hanoi-Cappuccino, w\u00e4hrend Sie die faszinierende Geschichte und die Geheimnisse hinter diesen legend\u00e4ren Getr\u00e4nken kennenlernen. Von einem charmanten Herrenhaus aus der franz\u00f6sischen \u00c4ra bis hin zu versteckten Kaffeeh\u00e4usern in der Altstadt wird dieses Erlebnis Ihre Geschmacksknospen wecken.<\/span><\/p>\n<h4><span style=\"color: #000000;\"><strong>Tour durch die Handwerksd\u00f6rfer<\/strong>: Hanois zeitlose Traditionen \u2013 Hanois verborgene Sch\u00e4tze<\/span><\/h4>\n<figure id=\"attachment_5673\" aria-describedby=\"caption-attachment-5673\" style=\"width: 1350px\" class=\"wp-caption alignnone\"><a href=\"http:\/\/esteemtravelvn.com\/wp-content\/uploads\/2024\/11\/Bat-Trang-Ha-Noi.png\"><img decoding=\"async\" class=\"wp-image-5673 size-full\" src=\"http:\/\/esteemtravelvn.com\/wp-content\/uploads\/2024\/11\/Bat-Trang-Ha-Noi.png\" alt=\"Bat Trang Hanoi Hidden gems Hanois verborgene Sch\u00e4tze\" width=\"1350\" height=\"845\" srcset=\"https:\/\/esteemtravelvn.com\/wp-content\/uploads\/2024\/11\/Bat-Trang-Ha-Noi.png 1350w, https:\/\/esteemtravelvn.com\/wp-content\/uploads\/2024\/11\/Bat-Trang-Ha-Noi-300x188.png 300w, https:\/\/esteemtravelvn.com\/wp-content\/uploads\/2024\/11\/Bat-Trang-Ha-Noi-1024x641.png 1024w, https:\/\/esteemtravelvn.com\/wp-content\/uploads\/2024\/11\/Bat-Trang-Ha-Noi-768x481.png 768w, https:\/\/esteemtravelvn.com\/wp-content\/uploads\/2024\/11\/Bat-Trang-Ha-Noi-800x501.png 800w\" sizes=\"(max-width: 1350px) 100vw, 1350px\" \/><\/a><figcaption id=\"caption-attachment-5673\" class=\"wp-caption-text\">T\u00f6pferdorf Bat Trang, Ha Noi<\/figcaption><\/figure>\n<p><span style=\"color: #000000;\">Verlassen Sie die gesch\u00e4ftige Stadt und erkunden Sie Hanois ber\u00fchmteste Handwerksd\u00f6rfer. Entdecken Sie den komplizierten Prozess der T\u00f6pferei, Lackwarenherstellung und Seidenherstellung, w\u00e4hrend Sie erfahrene Handwerker treffen, die diese Traditionen am Leben erhalten. Nehmen Sie an praktischen Workshops teil, um Ihr eigenes St\u00fcck vietnamesischer Handwerkskunst herzustellen.<\/span><\/p>\n<h3><span style=\"color: #000000;\">N\u00e4chtliche Food-Tour zu Hanois verborgenen Sch\u00e4tzen: Ein kulinarisches und kulturelles Abenteuer<\/span><\/h3>\n<p><a href=\"http:\/\/esteemtravelvn.com\/wp-content\/uploads\/2024\/11\/Hanoi-train-street-history.jpg\"><img decoding=\"async\" class=\"aligncenter wp-image-5382 size-full\" src=\"http:\/\/esteemtravelvn.com\/wp-content\/uploads\/2024\/11\/Hanoi-train-street-history.jpg\" alt=\"Hanoi's hidden gems Hanois verborgene Sch\u00e4tze\" width=\"1000\" height=\"667\" srcset=\"https:\/\/esteemtravelvn.com\/wp-content\/uploads\/2024\/11\/Hanoi-train-street-history.jpg 1000w, https:\/\/esteemtravelvn.com\/wp-content\/uploads\/2024\/11\/Hanoi-train-street-history-300x200.jpg 300w, https:\/\/esteemtravelvn.com\/wp-content\/uploads\/2024\/11\/Hanoi-train-street-history-768x512.jpg 768w, https:\/\/esteemtravelvn.com\/wp-content\/uploads\/2024\/11\/Hanoi-train-street-history-800x534.jpg 800w\" sizes=\"(max-width: 1000px) 100vw, 1000px\" \/><\/a> <a href=\"http:\/\/esteemtravelvn.com\/wp-content\/uploads\/2024\/11\/hanoi-street-food-tour-Pho.webp\"><img decoding=\"async\" class=\"aligncenter wp-image-5707 size-full\" src=\"http:\/\/esteemtravelvn.com\/wp-content\/uploads\/2024\/11\/hanoi-street-food-tour-Pho.webp\" alt=\"Hanoi's Hidden gems Hanois verborgene Sch\u00e4tze\" width=\"1020\" height=\"681\" srcset=\"https:\/\/esteemtravelvn.com\/wp-content\/uploads\/2024\/11\/hanoi-street-food-tour-Pho.webp 1020w, https:\/\/esteemtravelvn.com\/wp-content\/uploads\/2024\/11\/hanoi-street-food-tour-Pho-300x200.webp 300w, https:\/\/esteemtravelvn.com\/wp-content\/uploads\/2024\/11\/hanoi-street-food-tour-Pho-768x513.webp 768w, https:\/\/esteemtravelvn.com\/wp-content\/uploads\/2024\/11\/hanoi-street-food-tour-Pho-800x534.webp 800w\" sizes=\"(max-width: 1020px) 100vw, 1020px\" \/><\/a><br \/>\n<span style=\"color: #000000;\">Beenden Sie Ihren Tag mit einer kulinarischen Wandertour durch die versteckten Gassen der Altstadt. Genie\u00dfen Sie 7\u201310 authentische Gerichte, darunter Spezialit\u00e4ten vom Stra\u00dfenrand und einzigartige Familienrezepte. Dieses umfassende Erlebnis unterstreicht die Vielfalt und Geschichte der kulinarischen Landschaft Hanois, die von der vietnamesischen, franz\u00f6sischen und chinesischen K\u00fcche beeinflusst ist.<\/span><\/p>\n<h4><strong><span style=\"color: #000000;\">In der Tour inbegriffen:<\/span><\/strong><\/h4>\n<p><span style=\"color: #000000;\">Privater Transport zu den Handwerksd\u00f6rfern.<\/span><br \/>\n<span style=\"color: #000000;\">Gef\u00fchrte Erlebnisse mit lokalen Experten.<\/span><br \/>\n<span style=\"color: #000000;\">Alle Speisen- und Getr\u00e4nkeverkostungen w\u00e4hrend der Kaffee- und Food-Touren.<\/span><br \/>\n<span style=\"color: #000000;\">Praktische Workshops und Aktivit\u00e4ten.<\/span><\/p>\n<h4><strong><span style=\"color: #000000;\">Ausgeschlossene Tour: Pers\u00f6nliche Ausgaben.<\/span><\/strong><\/h4>\n<p><span style=\"color: #000000;\">Diese Tour zu Hanois verborgenen Sch\u00e4tzen verspricht, die unerz\u00e4hlten Geschichten der Stadt zu enth\u00fcllen und einen unvergesslichen Tag voller Entdeckungen, Kreativit\u00e4t und Genuss zu bieten.<\/span><br \/>\n<span style=\"color: #000000;\">Kontaktieren Sie uns f\u00fcr weitere Informationen unter Esteemtravelvn.com<\/span><br \/>\n<span style=\"color: #000000;\">Referenz: <a href=\"https:\/\/hanoi-artgallery.com\/\" target=\"_blank\" rel=\"noopener\">Kunstgalerie in Hanoi<\/a><\/span><\/p>\n<p>&nbsp;<\/p>\n","protected":false},"excerpt":{"rendered":"<p><span style=\"font-weight: 400; color: #000000;\">Tour zu den Hanois verborgene Sch\u00e4tze: Ein Tag voller Kunst, Kaffee, Kultur und K\u00fcche<\/span><\/p>\n<p><span style=\"font-weight: 400; color: #000000;\">Begeben Sie sich auf eine kuratierte Reise durch die weniger bekannten Sch\u00e4tze Hanois, perfekt f\u00fcr alle, die einzigartige und authentische Erlebnisse jenseits der \u00fcblichen Sehensw\u00fcrdigkeiten suchen. Diese eint\u00e4gige Tour enth\u00fcllt den k\u00fcnstlerischen, kulinarischen und kulturellen Herzschlag der vietnamesischen Hauptstadt und f\u00fchrt Sie auf eine sowohl bereichernde als auch unvergessliche Weise in ihre verborgenen Sch\u00e4tze ein.<\/span><\/p>\n","protected":false},"featured_media":5673,"comment_status":"closed","ping_status":"closed","template":"","meta":{"rank_math_lock_modified_date":false},"product_cat":[178],"product_tag":[659,664,654,652,651,657,662,656,661,655,658,650,663,653,660],"class_list":{"0":"post-5985","1":"product","2":"type-product","3":"status-publish","4":"has-post-thumbnail","6":"product_cat-classic-highlights","7":"product_tag-asiatische-kultur","8":"product_tag-hanoi-de","9":"product_tag-kulinarische-erlebnisse","10":"product_tag-kultur-in-vietnam","11":"product_tag-kunst-in-hanoi","12":"product_tag-reise-nach-vietnam","13":"product_tag-reisefuehrer-hanoi","14":"product_tag-sehenswuerdigkeiten-in-hanoi","15":"product_tag-staedtereise-hanoi","16":"product_tag-tagesreise-hanoi","17":"product_tag-verborgene-orte","18":"product_tag-verborgene-schaetze","19":"product_tag-vietnam-entdecken","20":"product_tag-vietnamesische-kueche","21":"product_tag-vietnamesisches-essen","23":"first","24":"instock","25":"shipping-taxable","26":"product-type-simple"},"acf":[],"_links":{"self":[{"href":"https:\/\/esteemtravelvn.com\/de\/wp-json\/wp\/v2\/product\/5985"}],"collection":[{"href":"https:\/\/esteemtravelvn.com\/de\/wp-json\/wp\/v2\/product"}],"about":[{"href":"https:\/\/esteemtravelvn.com\/de\/wp-json\/wp\/v2\/types\/product"}],"replies":[{"embeddable":true,"href":"https:\/\/esteemtravelvn.com\/de\/wp-json\/wp\/v2\/comments?post=5985"}],"wp:featuredmedia":[{"embeddable":true,"href":"https:\/\/esteemtravelvn.com\/de\/wp-json\/wp\/v2\/media\/5673"}],"wp:attachment":[{"href":"https:\/\/esteemtravelvn.com\/de\/wp-json\/wp\/v2\/media?parent=5985"}],"wp:term":[{"taxonomy":"product_cat","embeddable":true,"href":"https:\/\/esteemtravelvn.com\/de\/wp-json\/wp\/v2\/product_cat?post=5985"},{"taxonomy":"product_tag","embeddable":true,"href":"https:\/\/esteemtravelvn.com\/de\/wp-json\/wp\/v2\/product_tag?post=5985"}],"curies":[{"name":"wp","href":"https:\/\/api.w.org\/{rel}","templated":true}]}}