{"id":5492,"date":"2024-11-08T17:06:01","date_gmt":"2024-11-08T10:06:01","guid":{"rendered":"https:\/\/esteemtravelvn.com\/?page_id=5492"},"modified":"2024-11-08T17:10:10","modified_gmt":"2024-11-08T10:10:10","slug":"quienes-somos-esteem-travel-vietnam","status":"publish","type":"page","link":"https:\/\/esteemtravelvn.com\/es\/quienes-somos-esteem-travel-vietnam\/","title":{"rendered":"Qui\u00e9nes somos"},"content":{"rendered":"<p style=\"padding-left: 40px;\"><a href=\"http:\/\/esteemtravelvn.com\/wp-content\/uploads\/2024\/11\/Muong-Hoa-Valley-Sapa.jpg\"><img decoding=\"async\" class=\"alignnone size-full wp-image-5369\" src=\"http:\/\/esteemtravelvn.com\/wp-content\/uploads\/2024\/11\/Muong-Hoa-Valley-Sapa.jpg\" alt=\"Muong-Hoa-Valley-Sapa\" width=\"1200\" height=\"800\" srcset=\"https:\/\/esteemtravelvn.com\/wp-content\/uploads\/2024\/11\/Muong-Hoa-Valley-Sapa.jpg 1200w, https:\/\/esteemtravelvn.com\/wp-content\/uploads\/2024\/11\/Muong-Hoa-Valley-Sapa-300x200.jpg 300w, https:\/\/esteemtravelvn.com\/wp-content\/uploads\/2024\/11\/Muong-Hoa-Valley-Sapa-1024x683.jpg 1024w, https:\/\/esteemtravelvn.com\/wp-content\/uploads\/2024\/11\/Muong-Hoa-Valley-Sapa-768x512.jpg 768w, https:\/\/esteemtravelvn.com\/wp-content\/uploads\/2024\/11\/Muong-Hoa-Valley-Sapa-800x533.jpg 800w\" sizes=\"(max-width: 1200px) 100vw, 1200px\" \/><\/a><\/p>\n<p style=\"padding-left: 40px;\"><span style=\"font-weight: 400; color: #000000;\">Esteem Vietnam Travel se fund\u00f3 hace cinco a\u00f1os con una visi\u00f3n clara: mejorar los viajes en Vietnam. Nuestro objetivo era redefinir los viajes nacionales ofreciendo experiencias lujosas e inmersivas profundamente arraigadas en la cultura vietnamita.<\/span><\/p>\n<p style=\"padding-left: 40px;\"><span style=\"font-weight: 400; color: #000000;\">Lo que comenz\u00f3 como una peque\u00f1a agencia se ha convertido en una de las principales empresas de viajes de Vietnam, en la que conf\u00edan los viajeros m\u00e1s exigentes de todo el mundo que buscan tanto comodidad de alto nivel como una conexi\u00f3n significativa con el patrimonio y la gente de Vietnam. Hoy, somos reconocidos como l\u00edderes en turismo de lujo y experiencial, y creamos viajes excepcionales que alientan a los viajeros a \u00abconfiar en los lugare\u00f1os, experimentar la estima y redefinir el lujo\u00bb.<\/span><\/p>\n<h3 style=\"padding-left: 40px;\"><strong><span style=\"color: #000000;\">Nuestra Misi\u00f3n y Filosof\u00eda: Confiar en los Locales, Experimentar la Estima<\/span><\/strong><\/h3>\n<p style=\"padding-left: 40px;\"><span style=\"font-weight: 400; color: #000000;\">En el coraz\u00f3n de Esteem Vietnam Travel est\u00e1 nuestra misi\u00f3n de redefinir la forma en que los viajeros experimentan Vietnam. Creemos que el verdadero lujo es m\u00e1s que un alojamiento lujoso y una buena comida; se trata de brindar autenticidad y fomentar conexiones genuinas con los lugares y las personas que conoces en el camino. Para nosotros, el lujo se trata de viajes pensados \u200b\u200by personalizados que resuenen a un nivel m\u00e1s profundo.<\/span><\/p>\n<p style=\"padding-left: 40px;\"><span style=\"font-weight: 400; color: #000000;\">Invitamos a nuestros hu\u00e9spedes a confiar en los lugare\u00f1os, guiados por nuestro equipo experto que infunde cada itinerario con la calidez y la riqueza de la cultura vietnamita. Cada uno de nuestros gu\u00edas tur\u00edsticos es un verdadero experto local, habla varios idiomas con fluidez y est\u00e1 dedicado a ofrecer m\u00e1s que un recorrido. Hacen que el coraz\u00f3n y el alma de Vietnam cobren vida, cerrando la brecha entre los viajes de lujo y la inmersi\u00f3n cultural.<\/span><\/p>\n<figure id=\"attachment_5374\" aria-describedby=\"caption-attachment-5374\" style=\"width: 1000px\" class=\"wp-caption aligncenter\"><a href=\"http:\/\/esteemtravelvn.com\/wp-content\/uploads\/2024\/11\/Daily-life-at-Hanoi-train-street.jpg\"><img decoding=\"async\" class=\"wp-image-5374 size-full\" src=\"http:\/\/esteemtravelvn.com\/wp-content\/uploads\/2024\/11\/Daily-life-at-Hanoi-train-street.jpg\" alt=\"Hanoi train street Hidden gems\" width=\"1000\" height=\"667\" srcset=\"https:\/\/esteemtravelvn.com\/wp-content\/uploads\/2024\/11\/Daily-life-at-Hanoi-train-street.jpg 1000w, https:\/\/esteemtravelvn.com\/wp-content\/uploads\/2024\/11\/Daily-life-at-Hanoi-train-street-300x200.jpg 300w, https:\/\/esteemtravelvn.com\/wp-content\/uploads\/2024\/11\/Daily-life-at-Hanoi-train-street-768x512.jpg 768w, https:\/\/esteemtravelvn.com\/wp-content\/uploads\/2024\/11\/Daily-life-at-Hanoi-train-street-800x534.jpg 800w\" sizes=\"(max-width: 1000px) 100vw, 1000px\" \/><\/a><figcaption id=\"caption-attachment-5374\" class=\"wp-caption-text\">La vida cotidiana en la calle ferroviaria de Hanoi<\/figcaption><\/figure>\n<p style=\"padding-left: 40px;\"><span style=\"font-weight: 400; color: #000000;\">Nuestro compromiso con \u201cExperience Esteem\u201d significa priorizar el respeto, la atenci\u00f3n al detalle y la atenci\u00f3n al cliente en cada paso del viaje. Sabemos que viajar es m\u00e1s que un itinerario; es un viaje personal de descubrimiento, y cada aspecto de nuestro servicio refleja esa comprensi\u00f3n. Desde la primera consulta hasta la despedida final, Esteem Vietnam Travel se esfuerza por ofrecer una experiencia en la que nuestros hu\u00e9spedes se sientan valorados, escuchados e inspirados.<\/span><\/p>\n<h3 style=\"padding-left: 40px;\"><strong><span style=\"color: #000000;\">Explorando las joyas ocultas de Vietnam: creando experiencias de viaje \u00fanicas<\/span><\/strong><\/h3>\n<p style=\"padding-left: 40px;\"><span style=\"font-weight: 400; color: #000000;\">En los \u00faltimos cinco a\u00f1os, Esteem Vietnam Travel se ha convertido en sin\u00f3nimo de explorar las joyas ocultas de Vietnam. Nos especializamos en descubrir lugares que permanecen intactos por el turismo de masas, brindando una escapada tranquila y serena para los viajeros que buscan paz, privacidad y autenticidad. Ya sea un retiro apartado en las exuberantes monta\u00f1as de Mai Chau, un crucero privado por la bah\u00eda de Bai Tu Long, menos visitada, o una escapada tranquila a la playa en las islas Con Dao, cada destino se selecciona cuidadosamente por su belleza natural, importancia cultural y potencial para ofrecer una experiencia verdaderamente lujosa y discreta.<\/span><\/p>\n<figure id=\"attachment_5424\" aria-describedby=\"caption-attachment-5424\" style=\"width: 1068px\" class=\"wp-caption aligncenter\"><a href=\"http:\/\/esteemtravelvn.com\/wp-content\/uploads\/2024\/11\/bai-tu-long-bay-vietnam.jpg\"><img decoding=\"async\" class=\"size-full wp-image-5424\" src=\"http:\/\/esteemtravelvn.com\/wp-content\/uploads\/2024\/11\/bai-tu-long-bay-vietnam.jpg\" alt=\"Bai Tu Long Bay Vietnam\" width=\"1068\" height=\"800\" srcset=\"https:\/\/esteemtravelvn.com\/wp-content\/uploads\/2024\/11\/bai-tu-long-bay-vietnam.jpg 1068w, https:\/\/esteemtravelvn.com\/wp-content\/uploads\/2024\/11\/bai-tu-long-bay-vietnam-300x225.jpg 300w, https:\/\/esteemtravelvn.com\/wp-content\/uploads\/2024\/11\/bai-tu-long-bay-vietnam-1024x767.jpg 1024w, https:\/\/esteemtravelvn.com\/wp-content\/uploads\/2024\/11\/bai-tu-long-bay-vietnam-768x575.jpg 768w, https:\/\/esteemtravelvn.com\/wp-content\/uploads\/2024\/11\/bai-tu-long-bay-vietnam-600x450.jpg 600w, https:\/\/esteemtravelvn.com\/wp-content\/uploads\/2024\/11\/bai-tu-long-bay-vietnam-800x599.jpg 800w\" sizes=\"(max-width: 1068px) 100vw, 1068px\" \/><\/a><figcaption id=\"caption-attachment-5424\" class=\"wp-caption-text\">Bah\u00eda Bai Tu Long, Vietnam<\/figcaption><\/figure>\n<h3 style=\"padding-left: 40px;\"><strong><span style=\"color: #000000;\">Dise\u00f1o de eventos a medida y log\u00edstica de viajes perfecta<\/span><\/strong><\/h3>\n<p style=\"padding-left: 40px;\"><span style=\"font-weight: 400; color: #000000;\">Ofrecemos m\u00e1s que solo visitas guiadas; nuestros amplios servicios de viajes incluyen dise\u00f1o de eventos a medida, gesti\u00f3n de transporte y log\u00edstica precisa del programa. Ya sea una boda rom\u00e1ntica en la playa, un retiro corporativo o una celebraci\u00f3n familiar, creamos cada evento con elegancia y atenci\u00f3n al detalle. Nuestro dedicado equipo de log\u00edstica garantiza una ejecuci\u00f3n impecable, gestionando todo, desde el transporte hasta la instalaci\u00f3n del lugar, para que pueda disfrutar plenamente de cada momento, con la confianza de que cada detalle ha sido cuidadosamente organizado.<\/span><\/p>\n<figure id=\"attachment_5177\" aria-describedby=\"caption-attachment-5177\" style=\"width: 1800px\" class=\"wp-caption aligncenter\"><a href=\"http:\/\/esteemtravelvn.com\/wp-content\/uploads\/2024\/10\/Beach-Family-Phu-Quoc.jpg\"><img decoding=\"async\" class=\"size-full wp-image-5177\" src=\"http:\/\/esteemtravelvn.com\/wp-content\/uploads\/2024\/10\/Beach-Family-Phu-Quoc.jpg\" alt=\"\" width=\"1800\" height=\"1200\" srcset=\"https:\/\/esteemtravelvn.com\/wp-content\/uploads\/2024\/10\/Beach-Family-Phu-Quoc.jpg 1800w, https:\/\/esteemtravelvn.com\/wp-content\/uploads\/2024\/10\/Beach-Family-Phu-Quoc-300x200.jpg 300w, https:\/\/esteemtravelvn.com\/wp-content\/uploads\/2024\/10\/Beach-Family-Phu-Quoc-1024x683.jpg 1024w, https:\/\/esteemtravelvn.com\/wp-content\/uploads\/2024\/10\/Beach-Family-Phu-Quoc-768x512.jpg 768w, https:\/\/esteemtravelvn.com\/wp-content\/uploads\/2024\/10\/Beach-Family-Phu-Quoc-1536x1024.jpg 1536w, https:\/\/esteemtravelvn.com\/wp-content\/uploads\/2024\/10\/Beach-Family-Phu-Quoc-800x533.jpg 800w\" sizes=\"(max-width: 1800px) 100vw, 1800px\" \/><\/a><figcaption id=\"caption-attachment-5177\" class=\"wp-caption-text\">Bah\u00eda Bai Tu Long, Vietnam<\/figcaption><\/figure>\n<h3 style=\"padding-left: 40px;\"><strong><span style=\"color: #000000;\">Ampliamos nuestra experiencia: personal multiling\u00fce y servicio personalizado<\/span><\/strong><\/h3>\n<p style=\"padding-left: 40px;\"><span style=\"font-weight: 400; color: #000000;\">Nos enorgullecemos de hacer que nuestra diversa clientela se sienta como en casa en Vietnam. Para mejorar nuestro servicio para los hu\u00e9spedes internacionales, hemos ampliado nuestro equipo con personal multiling\u00fce que habla con fluidez ingl\u00e9s, espa\u00f1ol, franc\u00e9s, italiano, portugu\u00e9s y alem\u00e1n. Esta diversidad ling\u00fc\u00edstica nos permite comunicarnos de manera eficaz y conectar de manera significativa con los viajeros, adaptando cada experiencia a sus preferencias y necesidades culturales. Nuestro compromiso con el servicio personalizado garantiza que cada viaje se dise\u00f1e de manera \u00fanica para satisfacer los intereses de cada viajero, brindando una experiencia c\u00f3moda y a medida.<\/span><\/p>\n<p style=\"padding-left: 40px;\"><a href=\"http:\/\/esteemtravelvn.com\/wp-content\/uploads\/2024\/09\/iConnect-Where-are-the-foreign-language-guides.jpg\"><img decoding=\"async\" class=\"size-full wp-image-4137 aligncenter\" src=\"http:\/\/esteemtravelvn.com\/wp-content\/uploads\/2024\/09\/iConnect-Where-are-the-foreign-language-guides.jpg\" alt=\"esteem travel-Where-are-the-foreign-language-guides\" width=\"800\" height=\"400\" srcset=\"https:\/\/esteemtravelvn.com\/wp-content\/uploads\/2024\/09\/iConnect-Where-are-the-foreign-language-guides.jpg 800w, https:\/\/esteemtravelvn.com\/wp-content\/uploads\/2024\/09\/iConnect-Where-are-the-foreign-language-guides-300x150.jpg 300w, https:\/\/esteemtravelvn.com\/wp-content\/uploads\/2024\/09\/iConnect-Where-are-the-foreign-language-guides-768x384.jpg 768w\" sizes=\"(max-width: 800px) 100vw, 800px\" \/><\/a><\/p>\n<h3 style=\"padding-left: 40px;\"><span style=\"color: #000000;\"><b>Conozca a los L\u00edderes Detr\u00e1s de Esteem Vietnam Travel<\/b><\/span><\/h3>\n<p style=\"padding-left: 40px;\"><span style=\"color: #000000;\"><span style=\"font-weight: 400;\">El coraz\u00f3n de <\/span><b>Esteem Vietnam Travel<\/b><span style=\"font-weight: 400;\"> es nuestro equipo dedicado, liderado por profesionales apasionados de la industria que comparten una visi\u00f3n com\u00fan de redefinir el turismo de lujo en Vietnam.<\/span><\/span><\/p>\n<ul>\n<li style=\"list-style-type: none;\">\n<ul>\n<li style=\"font-weight: 400;\" aria-level=\"1\"><span style=\"color: #000000;\"><b>Jean Le (Fundadora y CEO):<\/b><span style=\"font-weight: 400;\"> Con una amplia experiencia en hospitalidad y gesti\u00f3n de eventos, Jean Le lidera Esteem Travel con un compromiso con la excelencia y la innovaci\u00f3n. Su visi\u00f3n es hacer que los diversos paisajes y culturas de Vietnam sean accesibles para aquellos que valoran el lujo y la autenticidad. La dedicaci\u00f3n de Jean a la calidad, junto con su profundo amor por Vietnam, inspira cada viaje creado en Esteem Travel.<\/span><\/span><\/li>\n<li style=\"font-weight: 400;\" aria-level=\"1\"><span style=\"color: #000000;\"><b>Rose Le (Directora de Operaciones):<\/b><span style=\"font-weight: 400;\"> La experiencia de Rose Le en log\u00edstica y operaciones asegura que cada recorrido, evento y experiencia funcione sin problemas de principio a fin. Su meticulosa atenci\u00f3n al detalle y sus fuertes habilidades para resolver problemas son fundamentales para mantener los altos est\u00e1ndares de <\/span><b>Esteem Vietnam Travel<\/b><span style=\"font-weight: 400;\">, ya sea gestionando un crucero privado, coordinando el transporte o organizando un itinerario complejo.<\/span><\/span><\/li>\n<\/ul>\n<\/li>\n<\/ul>\n<h3 style=\"padding-left: 40px;\"><span style=\"color: #000000;\"><b>Nuestros Gu\u00edas Expertos: Redefiniendo la Inmersi\u00f3n Cultural<\/b><\/span><\/h3>\n<p style=\"padding-left: 40px;\"><span style=\"color: #000000;\"><span style=\"font-weight: 400;\">En <\/span><b>Esteem Vietnam Travel<\/b><span style=\"font-weight: 400;\">, nuestros gu\u00edas tur\u00edsticos altamente calificados son fundamentales para la experiencia. M\u00e1s que gu\u00edas, son embajadores culturales que comparten la historia, tradiciones y conocimientos locales de Vietnam de una manera atractiva y memorable. Cada gu\u00eda es fluido en varios idiomas, incluidos ingl\u00e9s, espa\u00f1ol, franc\u00e9s, alem\u00e1n, italiano y holand\u00e9s, asegurando que los viajeros se sientan c\u00f3modos e informados en todo momento. Con su amplio conocimiento de los sitios hist\u00f3ricos, la escena culinaria y las maravillas naturales de Vietnam, nuestros gu\u00edas ofrecen una experiencia enriquecedora que va m\u00e1s all\u00e1 de las visitas tur\u00edsticas, permitiendo que los viajeros se conecten profundamente con el patrimonio cultural del pa\u00eds.<\/span><\/span><\/p>\n<h3 style=\"padding-left: 40px;\"><span style=\"color: #000000;\"><b>Redefiniendo el Lujo y la Conexi\u00f3n Cultural<\/b><\/span><\/h3>\n<p style=\"padding-left: 40px;\"><span style=\"color: #000000;\"><span style=\"font-weight: 400;\">Para <\/span><b>Esteem Vietnam Travel<\/b><span style=\"font-weight: 400;\">, el lujo consiste en personalizar cada viaje para reflejar los intereses de nuestros hu\u00e9spedes y ofrecer una experiencia que vaya m\u00e1s all\u00e1 de lo esperado. Nuestros recorridos cuidadosamente seleccionados est\u00e1n dise\u00f1ados para resaltar la belleza de los paisajes de Vietnam, la riqueza de su herencia cultural y la calidez de su gente. Invitamos a los viajeros a explorar Vietnam de una manera que combina indulgencia con inmersi\u00f3n cultural, desde visitar templos y lugares antiguos hasta descubrir playas escondidas y retiros en las monta\u00f1as.<\/span><\/span><\/p>\n<p style=\"padding-left: 40px;\"><span style=\"color: #000000;\"><span style=\"font-weight: 400;\">Nuestro compromiso de <\/span><b>\u00abredefinir el lujo\u00bb<\/b><span style=\"font-weight: 400;\"> se refleja en cada itinerario cuidadosamente planeado. Desde un paseo en bote privado por las v\u00edas fluviales esc\u00e9nicas de Ninh Binh hasta un ecoturismo por las cuevas declaradas Patrimonio de la Humanidad de Phong Nha &#8211; Ke Bang, cada experiencia refleja nuestra dedicaci\u00f3n a ofrecer momentos \u00fanicos e inolvidables. Ya sea que se sienta atra\u00eddo por las playas esc\u00e9nicas de Da Nang, las tranquilas monta\u00f1as de Yen Tu o las islas v\u00edrgenes de Con Dao, nuestros recorridos de lujo ofrecen tanto relajaci\u00f3n como descubrimiento, asegurando una experiencia de viaje profundamente significativa y satisfactoria.<\/span><\/span><\/p>\n<figure id=\"attachment_5458\" aria-describedby=\"caption-attachment-5458\" style=\"width: 1170px\" class=\"wp-caption aligncenter\"><a href=\"http:\/\/esteemtravelvn.com\/wp-content\/uploads\/2024\/11\/Hang-En-Cave-phong-nha-ke-bang-vietnam.jpg\"><img decoding=\"async\" class=\"size-full wp-image-5458\" src=\"http:\/\/esteemtravelvn.com\/wp-content\/uploads\/2024\/11\/Hang-En-Cave-phong-nha-ke-bang-vietnam.jpg\" alt=\"Hang En cave - Phong Nha Ke Bang, Quang Binh, Vietnam\" width=\"1170\" height=\"780\" srcset=\"https:\/\/esteemtravelvn.com\/wp-content\/uploads\/2024\/11\/Hang-En-Cave-phong-nha-ke-bang-vietnam.jpg 1170w, https:\/\/esteemtravelvn.com\/wp-content\/uploads\/2024\/11\/Hang-En-Cave-phong-nha-ke-bang-vietnam-300x200.jpg 300w, https:\/\/esteemtravelvn.com\/wp-content\/uploads\/2024\/11\/Hang-En-Cave-phong-nha-ke-bang-vietnam-1024x683.jpg 1024w, https:\/\/esteemtravelvn.com\/wp-content\/uploads\/2024\/11\/Hang-En-Cave-phong-nha-ke-bang-vietnam-768x512.jpg 768w, https:\/\/esteemtravelvn.com\/wp-content\/uploads\/2024\/11\/Hang-En-Cave-phong-nha-ke-bang-vietnam-800x533.jpg 800w\" sizes=\"(max-width: 1170px) 100vw, 1170px\" \/><\/a><figcaption id=\"caption-attachment-5458\" class=\"wp-caption-text\">Cueva Hang En &#8211; Phong Nha Ke Bang, Quang Binh, Vietnam<\/figcaption><\/figure>\n<h3 style=\"padding-left: 40px;\"><span style=\"color: #000000;\"><b>\u00danase a Nosotros en un Viaje de Descubrimiento y Conexi\u00f3n<\/b><\/span><\/h3>\n<p style=\"padding-left: 40px;\"><span style=\"color: #000000;\"><span style=\"font-weight: 400;\">A medida que continuamos creciendo y dando la bienvenida a nuevos hu\u00e9spedes, nuestra misi\u00f3n sigue siendo la misma: proporcionar la mejor experiencia de agencia de viajes en Vietnam, donde el lujo y la conexi\u00f3n cultural van de la mano. Atendemos a todo tipo de viajeros, ya sea que est\u00e9n planeando una escapada econ\u00f3mica o unas vacaciones extravagantes y \u00fanicas en la vida. Con nuestro equipo dedicado, <\/span><b>Esteem Vietnam Travel<\/b><span style=\"font-weight: 400;\"> es su puerta de entrada a las joyas ocultas de Vietnam y experiencias inolvidables.<\/span><\/span><\/p>\n<p style=\"padding-left: 40px;\"><span style=\"color: #000000;\"><span style=\"font-weight: 400;\">D\u00e9jenos guiarlo a trav\u00e9s de la belleza y la historia de Vietnam, ofreciendo una experiencia que es lujosa, personalizada y profundamente enriquecedora. En <\/span><b>Esteem Vietnam Travel<\/b><span style=\"font-weight: 400;\">, creemos que viajar no es solo un trayecto, sino una forma de conectarse con el mundo y con uno mismo. Perm\u00edtanos transformar su viaje en una aventura notable llena de descubrimiento, lujo y profundidad cultural.<\/span><\/span><\/p>\n","protected":false},"excerpt":{"rendered":"<p>Esteem Vietnam Travel se fund\u00f3 hace cinco a\u00f1os con una visi\u00f3n clara: mejorar los viajes en Vietnam. Nuestro objetivo era redefinir los viajes nacionales ofreciendo experiencias lujosas e inmersivas profundamente arraigadas en la cultura vietnamita. Lo que comenz\u00f3 como una peque\u00f1a agencia se ha convertido en una de las principales empresas de viajes de Vietnam,&#8230;<\/p>\n","protected":false},"author":2,"featured_media":5334,"parent":0,"menu_order":0,"comment_status":"closed","ping_status":"closed","template":"page-blank-title-center.php","meta":{"rank_math_lock_modified_date":false,"footnotes":""},"class_list":["post-5492","page","type-page","status-publish","has-post-thumbnail","hentry"],"acf":[],"_links":{"self":[{"href":"https:\/\/esteemtravelvn.com\/es\/wp-json\/wp\/v2\/pages\/5492"}],"collection":[{"href":"https:\/\/esteemtravelvn.com\/es\/wp-json\/wp\/v2\/pages"}],"about":[{"href":"https:\/\/esteemtravelvn.com\/es\/wp-json\/wp\/v2\/types\/page"}],"author":[{"embeddable":true,"href":"https:\/\/esteemtravelvn.com\/es\/wp-json\/wp\/v2\/users\/2"}],"replies":[{"embeddable":true,"href":"https:\/\/esteemtravelvn.com\/es\/wp-json\/wp\/v2\/comments?post=5492"}],"version-history":[{"count":0,"href":"https:\/\/esteemtravelvn.com\/es\/wp-json\/wp\/v2\/pages\/5492\/revisions"}],"wp:featuredmedia":[{"embeddable":true,"href":"https:\/\/esteemtravelvn.com\/es\/wp-json\/wp\/v2\/media\/5334"}],"wp:attachment":[{"href":"https:\/\/esteemtravelvn.com\/es\/wp-json\/wp\/v2\/media?parent=5492"}],"curies":[{"name":"wp","href":"https:\/\/api.w.org\/{rel}","templated":true}]}}