{"id":4626,"date":"2024-09-27T15:30:27","date_gmt":"2024-09-27T08:30:27","guid":{"rendered":"https:\/\/esteemtravelvn.com\/?post_type=product&#038;p=4626"},"modified":"2024-09-27T15:30:29","modified_gmt":"2024-09-27T08:30:29","slug":"norte-de-vietnam-aventura-de-7-dias","status":"publish","type":"product","link":"https:\/\/esteemtravelvn.com\/es\/tour\/norte-de-vietnam-aventura-de-7-dias\/","title":{"rendered":"Descubra la Authentic del Norte de Vietnam: Incre\u00edble Aventura de 7 D\u00edas en Hanoi, Bah\u00eda de Ha Long, Ninh Binh y Sapa"},"content":{"rendered":"<p><span style=\"color: #000000;\">Sum\u00e9rgete en la impresionante belleza y la vibrante cultura del norte de Vietnam con esta aventura de 7 d\u00edas cuidadosamente dise\u00f1ada. Explora las bulliciosas calles de Hanoi, navega por las aguas color esmeralda de la bah\u00eda de Ha Long, pasea por los serenos paisajes de Ninh Binh y descubre las majestuosas monta\u00f1as de Sapa. Ya sea que busques paisajes impresionantes, experiencias culturales enriquecedoras o momentos de viaje \u00fanicos, este tour lo ofrece todo.<\/span><\/p>\n<p><span style=\"color: #000000;\"><strong>Inclusiones:<\/strong><\/span><br \/>\n<span style=\"color: #000000;\">Alojamiento en hoteles de 4 estrellas y camarotes de crucero de lujo<\/span><br \/>\n<span style=\"color: #000000;\">Todas las comidas indicadas (D: Desayuno, A: Almuerzo, C: Cena)<\/span><br \/>\n<span style=\"color: #000000;\">Transporte privado y traslados<\/span><br \/>\n<span style=\"color: #000000;\">Gu\u00edas locales profesionales de habla inglesa<\/span><br \/>\n<span style=\"color: #000000;\">Entradas a todas las atracciones y actividades mencionadas<\/span><\/p>\n<p><span style=\"color: #000000;\"><strong>Exclusiones:<\/strong><\/span><br \/>\n<span style=\"color: #000000;\">Vuelos internacionales desde y hacia Vietnam<\/span><br \/>\n<span style=\"color: #000000;\">Tasas de visado para Vietnam<\/span><br \/>\n<span style=\"color: #000000;\">Seguro de viaje<\/span><br \/>\n<span style=\"color: #000000;\">Gastos personales<\/span><\/p>\n<p><span style=\"color: #000000;\"><strong>\u00bfPor qu\u00e9 elegir este tour?<\/strong><\/span><br \/>\n<span style=\"color: #000000;\">Este viaje de 7 d\u00edas es perfecto para los viajeros que buscan experimentar lo m\u00e1s destacado del norte de Vietnam en un viaje completo. Desde las bulliciosas calles de Hanoi hasta las tranquilas aguas de la bah\u00eda de Ha Long, la serena belleza de Ninh Binh y las majestuosas monta\u00f1as de Sapa, este tour ofrece una rica combinaci\u00f3n de cultura, aventura y belleza natural. Ya sea que sea un viajero experimentado o visite Vietnam por primera vez, este viaje le brindar\u00e1 una experiencia de viaje inolvidable.<\/span><br \/>\n<span style=\"color: #000000;\">\u00a1Emb\u00e1rquese en este viaje \u00e9pico con Esteem Travel y descubra el coraz\u00f3n de los destinos m\u00e1s cautivadores de Vietnam!<\/span><\/p>\n","protected":false},"excerpt":{"rendered":"<ul>\n<li>Emb\u00e1rcate en un fascinante viaje de 7 d\u00edas por el norte de Vietnam, donde la historia, la cultura y la impresionante belleza natural se combinan en armon\u00eda.<\/li>\n<li>Este recorrido te llevar\u00e1 a la bulliciosa capital de Hanoi, los impresionantes karsts de piedra caliza de la bah\u00eda de Ha Long, los tranquilos paisajes de Ninh Binh y los majestuosos campos en terrazas de Sapa.<\/li>\n<li>Este paquete, cuidadosamente dise\u00f1ado para viajeros que buscan un equilibrio entre aventura, relajaci\u00f3n e inmersi\u00f3n cultural, ofrece una experiencia inolvidable en los destinos m\u00e1s emblem\u00e1ticos de Vietnam.<\/li>\n<\/ul>\n","protected":false},"featured_media":4624,"comment_status":"closed","ping_status":"closed","template":"","meta":{"rank_math_lock_modified_date":false},"product_cat":[212,208,207,210,209,213,211],"product_tag":[215,218,222,217,219,216,220,221],"class_list":{"0":"post-4626","1":"product","2":"type-product","3":"status-publish","4":"has-post-thumbnail","6":"product_cat-bespoke-tours","7":"product_cat-classic","8":"product_cat-culture-2","9":"product_cat-family","10":"product_cat-hand-picked-tours-2","11":"product_cat-luxury-2","12":"product_cat-photography-2","13":"product_tag-esteemtravel","14":"product_tag-halongbay","15":"product_tag-hanoi-es","16":"product_tag-ninhbinh","17":"product_tag-northen-vietnam","18":"product_tag-sapa","19":"product_tag-vietnam-es","20":"product_tag-vietnam-travel-es","22":"first","23":"instock","24":"shipping-taxable","25":"product-type-simple"},"acf":[],"_links":{"self":[{"href":"https:\/\/esteemtravelvn.com\/es\/wp-json\/wp\/v2\/product\/4626"}],"collection":[{"href":"https:\/\/esteemtravelvn.com\/es\/wp-json\/wp\/v2\/product"}],"about":[{"href":"https:\/\/esteemtravelvn.com\/es\/wp-json\/wp\/v2\/types\/product"}],"replies":[{"embeddable":true,"href":"https:\/\/esteemtravelvn.com\/es\/wp-json\/wp\/v2\/comments?post=4626"}],"wp:featuredmedia":[{"embeddable":true,"href":"https:\/\/esteemtravelvn.com\/es\/wp-json\/wp\/v2\/media\/4624"}],"wp:attachment":[{"href":"https:\/\/esteemtravelvn.com\/es\/wp-json\/wp\/v2\/media?parent=4626"}],"wp:term":[{"taxonomy":"product_cat","embeddable":true,"href":"https:\/\/esteemtravelvn.com\/es\/wp-json\/wp\/v2\/product_cat?post=4626"},{"taxonomy":"product_tag","embeddable":true,"href":"https:\/\/esteemtravelvn.com\/es\/wp-json\/wp\/v2\/product_tag?post=4626"}],"curies":[{"name":"wp","href":"https:\/\/api.w.org\/{rel}","templated":true}]}}