{"id":5987,"date":"2024-12-11T17:37:59","date_gmt":"2024-12-11T10:37:59","guid":{"rendered":"https:\/\/esteemtravelvn.com\/?post_type=product&#038;p=5987"},"modified":"2024-12-12T17:19:57","modified_gmt":"2024-12-12T10:19:57","slug":"las-joyas-ocultas-de-hanoi","status":"publish","type":"product","link":"https:\/\/esteemtravelvn.com\/es\/tour\/las-joyas-ocultas-de-hanoi\/","title":{"rendered":"Las joyas ocultas de Hanoi: un viaje de 1 d\u00eda a trav\u00e9s del arte, la cultura y la gastronom\u00eda"},"content":{"rendered":"<h3><span style=\"color: #000000;\">Las joyas ocultas de Hanoi: un recorrido de un d\u00eda <\/span><\/h3>\n<p><span style=\"color: #000000;\">La encantadora capital de Vietnam es una ciudad de contrastes, un lugar donde las tradiciones antiguas se combinan a la perfecci\u00f3n con las influencias modernas. Si bien los lugares emblem\u00e1ticos como el lago Hoan Kiem, el Barrio Antiguo y el Mausoleo de Ho Chi Minh son bien conocidos, Hanoi tambi\u00e9n alberga una gran cantidad de joyas ocultas que solo los viajeros m\u00e1s curiosos pueden descubrir.<\/span><\/p>\n<p><span style=\"color: #000000;\">Este recorrido lo llevar\u00e1 fuera de los caminos trillados, al coraz\u00f3n de la cautivadora escena art\u00edstica de la ciudad, la vibrante cultura, el caf\u00e9 de clase mundial y las irresistibles delicias culinarias. Es la manera perfecta de descubrir las joyas ocultas de Hanoi m\u00e1s all\u00e1 de sus lugares tur\u00edsticos, explorando experiencias aut\u00e9nticas que dejar\u00e1n una impresi\u00f3n duradera.<\/span><\/p>\n<p><span style=\"color: #000000;\">Descubra la encantadora capital de Vietnam a trav\u00e9s de sus tesoros menos conocidos. Este recorrido cuidadosamente seleccionado lo lleva fuera de los caminos trillados para descubrir el vibrante arte de Hanoi, la cultura \u00fanica del caf\u00e9, las artesan\u00edas tradicionales y la deliciosa cocina. Qu\u00e9 esperar<\/span><\/p>\n<h3><span style=\"color: #000000;\">Recorrido art\u00edstico: explora la escena art\u00edstica emergente de Hanoi: las joyas ocultas de Hanoi<\/span><\/h3>\n<p><span style=\"color: #000000;\">Comienza el d\u00eda adentr\u00e1ndote en la vibrante escena art\u00edstica de Hanoi. Visita galer\u00edas y estudios que exhiben obras de los artistas j\u00f3venes m\u00e1s prometedores de la ciudad. Obt\u00e9n una perspectiva \u00fanica de la cultura vietnamita moderna a trav\u00e9s de sus expresiones creativas, con oportunidades de interactuar directamente con los propios artistas.<\/span><\/p>\n<h4><strong><span style=\"color: #000000;\">Experiencia de cata de caf\u00e9: se revela la cultura del caf\u00e9 de Hanoi<\/span><\/strong><\/h4>\n<p><span style=\"color: #000000;\">Sum\u00e9rgete en la cultura del caf\u00e9 de Hanoi con una visita guiada a caf\u00e9s ocultos. Prueba bebidas exclusivas como el caf\u00e9 con huevo y el capuchino de Hanoi mientras aprendes la fascinante historia y los secretos detr\u00e1s de estas bebidas ic\u00f3nicas. Desde una encantadora mansi\u00f3n de la era francesa hasta cafeter\u00edas escondidas en el Barrio Antiguo, esta experiencia despertar\u00e1 tu paladar.<\/span><\/p>\n<h4><strong><span style=\"color: #000000;\">Recorrido por los pueblos de artesanos: tradiciones atemporales de Han\u00f3i &#8211; Las joyas ocultas de Hanoi<\/span><\/strong><\/h4>\n<p>&nbsp;<\/p>\n<figure id=\"attachment_5675\" aria-describedby=\"caption-attachment-5675\" style=\"width: 1350px\" class=\"wp-caption alignnone\"><a href=\"http:\/\/esteemtravelvn.com\/wp-content\/uploads\/2024\/11\/Bat-Trang-Ha-Noi.png\"><img decoding=\"async\" class=\"wp-image-5675 size-full\" src=\"http:\/\/esteemtravelvn.com\/wp-content\/uploads\/2024\/11\/Bat-Trang-Ha-Noi.png\" alt=\"Las joyas ocultas de Hanoi Bat Trang Hanoi Hidden gems \" width=\"1350\" height=\"845\" srcset=\"https:\/\/esteemtravelvn.com\/wp-content\/uploads\/2024\/11\/Bat-Trang-Ha-Noi.png 1350w, https:\/\/esteemtravelvn.com\/wp-content\/uploads\/2024\/11\/Bat-Trang-Ha-Noi-300x188.png 300w, https:\/\/esteemtravelvn.com\/wp-content\/uploads\/2024\/11\/Bat-Trang-Ha-Noi-1024x641.png 1024w, https:\/\/esteemtravelvn.com\/wp-content\/uploads\/2024\/11\/Bat-Trang-Ha-Noi-768x481.png 768w, https:\/\/esteemtravelvn.com\/wp-content\/uploads\/2024\/11\/Bat-Trang-Ha-Noi-800x501.png 800w\" sizes=\"(max-width: 1350px) 100vw, 1350px\" \/><\/a><figcaption id=\"caption-attachment-5675\" class=\"wp-caption-text\">Pueblo de alfarer\u00eda de Bat Trang, Han\u00f3i<\/figcaption><\/figure>\n<p><span style=\"color: #000000;\">Sal de la bulliciosa ciudad para explorar los pueblos de artesanos m\u00e1s famosos de Han\u00f3i. Descubre el intrincado proceso detr\u00e1s de la alfarer\u00eda, la laca y la fabricaci\u00f3n de seda mientras conoces a h\u00e1biles artesanos que mantienen vivas estas tradiciones. Participa en talleres pr\u00e1cticos para crear tu propia pieza de artesan\u00eda vietnamita.<\/span><\/p>\n<h4><strong><span style=\"color: #000000;\">Recorrido gastron\u00f3mico nocturno por las joyas ocultas de Hanoi: una aventura culinaria y cultural<\/span><\/strong><\/h4>\n<p><a href=\"http:\/\/esteemtravelvn.com\/wp-content\/uploads\/2024\/11\/hanoi-street-food-tour-Pho.webp\"><img decoding=\"async\" class=\"wp-image-5709 size-full aligncenter\" src=\"http:\/\/esteemtravelvn.com\/wp-content\/uploads\/2024\/11\/hanoi-street-food-tour-Pho.webp\" alt=\"Hanoi's Hidden gems Las joyas ocultas de Hanoi\" width=\"1020\" height=\"681\" srcset=\"https:\/\/esteemtravelvn.com\/wp-content\/uploads\/2024\/11\/hanoi-street-food-tour-Pho.webp 1020w, https:\/\/esteemtravelvn.com\/wp-content\/uploads\/2024\/11\/hanoi-street-food-tour-Pho-300x200.webp 300w, https:\/\/esteemtravelvn.com\/wp-content\/uploads\/2024\/11\/hanoi-street-food-tour-Pho-768x513.webp 768w, https:\/\/esteemtravelvn.com\/wp-content\/uploads\/2024\/11\/hanoi-street-food-tour-Pho-800x534.webp 800w\" sizes=\"(max-width: 1020px) 100vw, 1020px\" \/><\/a> <a href=\"http:\/\/esteemtravelvn.com\/wp-content\/uploads\/2024\/11\/Hanoi-train-street-history.jpg\"><img decoding=\"async\" class=\"wp-image-5384 size-full aligncenter\" src=\"http:\/\/esteemtravelvn.com\/wp-content\/uploads\/2024\/11\/Hanoi-train-street-history.jpg\" alt=\"Hanoi's hidden gems Las joyas ocultas de Hanoi\" width=\"1000\" height=\"667\" srcset=\"https:\/\/esteemtravelvn.com\/wp-content\/uploads\/2024\/11\/Hanoi-train-street-history.jpg 1000w, https:\/\/esteemtravelvn.com\/wp-content\/uploads\/2024\/11\/Hanoi-train-street-history-300x200.jpg 300w, https:\/\/esteemtravelvn.com\/wp-content\/uploads\/2024\/11\/Hanoi-train-street-history-768x512.jpg 768w, https:\/\/esteemtravelvn.com\/wp-content\/uploads\/2024\/11\/Hanoi-train-street-history-800x534.jpg 800w\" sizes=\"(max-width: 1000px) 100vw, 1000px\" \/><\/a><\/p>\n<p>&nbsp;<\/p>\n<p><span style=\"color: #000000;\">Termina el d\u00eda con un recorrido gastron\u00f3mico a pie por los callejones ocultos del casco antiguo. Saborea de 7 a 10 platos aut\u00e9nticos, incluidas especialidades callejeras y recetas familiares \u00fanicas. Esta experiencia inmersiva resalta la diversidad y la historia del panorama culinario de Han\u00f3i, influenciado por las cocinas vietnamita, francesa y china.<\/span><\/p>\n<p>&nbsp;<\/p>\n<p><strong><span style=\"color: #000000;\">Inclusiones del tour:<\/span><\/strong><\/p>\n<p><span style=\"color: #000000;\">Transporte privado a pueblos de artesanos.<\/span><br \/>\n<span style=\"color: #000000;\">Experiencias guiadas con expertos locales.<\/span><br \/>\n<span style=\"color: #000000;\">Todas las degustaciones de comida y bebida durante los tours de caf\u00e9 y gastronom\u00eda.<\/span><br \/>\n<span style=\"color: #000000;\">Talleres y actividades pr\u00e1cticas.<\/span><\/p>\n<p><strong><span style=\"color: #000000;\">Exclusiones del tour: Gastos personales.<\/span><\/strong><br \/>\n<span style=\"color: #000000;\">Este tour de las joyas ocultas de Hanoi promete revelar las historias no contadas de la ciudad, brindando un d\u00eda inolvidable de descubrimiento, creatividad y placer.<\/span><br \/>\n<span style=\"color: #000000;\">Cont\u00e1ctenos para obtener m\u00e1s informaci\u00f3n en Esteemtravelvn.com<\/span><br \/>\n<span style=\"color: #000000;\">Referencia: <a style=\"color: #000000;\" href=\"https:\/\/wanderlog.com\/list\/geoCategory\/98997\/best-art-galleries-in-hanoi\" target=\"_blank\" rel=\"noopener\">Galer\u00eda de arte en Hanoi<\/a><\/span><\/p>\n<p>&nbsp;<\/p>\n<p>&nbsp;<\/p>\n","protected":false},"excerpt":{"rendered":"<h3><span style=\"color: #000000;\">Tour de Las joyas ocultas de Hanoi: un d\u00eda de arte, caf\u00e9, cultura y gastronom\u00eda<\/span><\/h3>\n<div><span style=\"color: #000000;\">Emb\u00e1rquese en un viaje curado a trav\u00e9s de los tesoros menos conocidos de Hanoi, perfecto para aquellos que buscan experiencias \u00fanicas y aut\u00e9nticas m\u00e1s all\u00e1 de las vistas habituales. Este recorrido de un d\u00eda revela el coraz\u00f3n art\u00edstico, culinario y cultural de la capital vietnamita y le presenta sus tesoros escondidos de una manera enriquecedora e inolvidable.<\/span><\/div>\n","protected":false},"featured_media":5675,"comment_status":"closed","ping_status":"closed","template":"","meta":{"rank_math_lock_modified_date":false},"product_cat":[178],"product_tag":[678,685,686,683,684,679,677,682,681,680],"class_list":{"0":"post-5987","1":"product","2":"type-product","3":"status-publish","4":"has-post-thumbnail","6":"product_cat-classic-highlights","7":"product_tag-arte-en-hanoi","8":"product_tag-atracciones-unicas-de-hanoi","9":"product_tag-cultura-de-hanoi-es","10":"product_tag-destinos-culturales-en-vietnam","11":"product_tag-experiencias-gastronomicas-en-hanoi","12":"product_tag-gastronomia-vietnamita","13":"product_tag-las-joyas-ocultas-de-hanoi","14":"product_tag-lugares-secretos-en-hanoi","15":"product_tag-turismo-en-hanoi","16":"product_tag-viaje-de-1-dia-en-hanoi","18":"first","19":"instock","20":"shipping-taxable","21":"product-type-simple"},"acf":[],"_links":{"self":[{"href":"https:\/\/esteemtravelvn.com\/es\/wp-json\/wp\/v2\/product\/5987"}],"collection":[{"href":"https:\/\/esteemtravelvn.com\/es\/wp-json\/wp\/v2\/product"}],"about":[{"href":"https:\/\/esteemtravelvn.com\/es\/wp-json\/wp\/v2\/types\/product"}],"replies":[{"embeddable":true,"href":"https:\/\/esteemtravelvn.com\/es\/wp-json\/wp\/v2\/comments?post=5987"}],"wp:featuredmedia":[{"embeddable":true,"href":"https:\/\/esteemtravelvn.com\/es\/wp-json\/wp\/v2\/media\/5675"}],"wp:attachment":[{"href":"https:\/\/esteemtravelvn.com\/es\/wp-json\/wp\/v2\/media?parent=5987"}],"wp:term":[{"taxonomy":"product_cat","embeddable":true,"href":"https:\/\/esteemtravelvn.com\/es\/wp-json\/wp\/v2\/product_cat?post=5987"},{"taxonomy":"product_tag","embeddable":true,"href":"https:\/\/esteemtravelvn.com\/es\/wp-json\/wp\/v2\/product_tag?post=5987"}],"curies":[{"name":"wp","href":"https:\/\/api.w.org\/{rel}","templated":true}]}}