{"id":5497,"date":"2024-11-09T11:22:24","date_gmt":"2024-11-09T04:22:24","guid":{"rendered":"https:\/\/esteemtravelvn.com\/?page_id=5497"},"modified":"2024-11-09T11:24:09","modified_gmt":"2024-11-09T04:24:09","slug":"qui-sommes-nous","status":"publish","type":"page","link":"https:\/\/esteemtravelvn.com\/fr\/qui-sommes-nous\/","title":{"rendered":"Qui sommes-nous"},"content":{"rendered":"<p style=\"padding-left: 40px;\"><span style=\"color: #000000;\"><strong><a style=\"color: #000000;\" href=\"http:\/\/esteemtravelvn.com\/wp-content\/uploads\/2024\/11\/Muong-Hoa-Valley-Sapa.jpg\"><img decoding=\"async\" class=\"size-full wp-image-5366 aligncenter\" src=\"http:\/\/esteemtravelvn.com\/wp-content\/uploads\/2024\/11\/Muong-Hoa-Valley-Sapa.jpg\" alt=\"Muong-Hoa-Valley-Sapa\" width=\"1200\" height=\"800\" srcset=\"https:\/\/esteemtravelvn.com\/wp-content\/uploads\/2024\/11\/Muong-Hoa-Valley-Sapa.jpg 1200w, https:\/\/esteemtravelvn.com\/wp-content\/uploads\/2024\/11\/Muong-Hoa-Valley-Sapa-300x200.jpg 300w, https:\/\/esteemtravelvn.com\/wp-content\/uploads\/2024\/11\/Muong-Hoa-Valley-Sapa-1024x683.jpg 1024w, https:\/\/esteemtravelvn.com\/wp-content\/uploads\/2024\/11\/Muong-Hoa-Valley-Sapa-768x512.jpg 768w, https:\/\/esteemtravelvn.com\/wp-content\/uploads\/2024\/11\/Muong-Hoa-Valley-Sapa-800x533.jpg 800w\" sizes=\"(max-width: 1200px) 100vw, 1200px\" \/><\/a><\/strong><\/span><\/p>\n<p style=\"padding-left: 40px;\"><span style=\"color: #000000;\">Chez Esteem Vietnam Travel, notre voyage a commenc\u00e9 il y a cinq ans avec une vision audacieuse et in\u00e9branlable : transformer et \u00e9lever le voyage au Vietnam.<\/span><\/p>\n<div style=\"padding-left: 40px;\"><\/div>\n<div style=\"padding-left: 40px;\"><span style=\"color: #000000;\">Nous avons aspir\u00e9 \u00e0 apporter une nouvelle dimension au voyage domestique, o\u00f9 chaque aventure d\u00e9passe l&rsquo;ordinaire, en alliant le luxe \u00e0 des exp\u00e9riences significatives et immersives ancr\u00e9es dans la richesse de la culture vietnamienne. Ce qui a commenc\u00e9 comme une petite agence d\u00e9di\u00e9e est aujourd&rsquo;hui devenu l\u2019une des principales entreprises de voyage du Vietnam, en laquelle font confiance les voyageurs avis\u00e9s du monde entier, recherchant non seulement le confort du voyage haut de gamme, mais aussi une connexion profonde avec le patrimoine et les habitants du Vietnam. Aujourd\u2019hui, Esteem Vietnam Travel se distingue comme un leader du tourisme de luxe et exp\u00e9rientiel, reconnu pour concevoir des voyages exceptionnels qui encouragent les voyageurs \u00e0 \u201cfaire confiance aux locaux, vivre l\u2019exp\u00e9rience Esteem et red\u00e9finir le luxe.\u201d<\/span><\/div>\n<div style=\"padding-left: 40px;\"><\/div>\n<h3 style=\"padding-left: 40px;\"><span style=\"color: #000000;\"><strong>Notre Mission et Philosophie : Faites Confiance aux Locaux, Exp\u00e9rimentez Esteem<\/strong><\/span><\/h3>\n<div style=\"padding-left: 40px;\"><\/div>\n<div style=\"padding-left: 40px;\"><span style=\"color: #000000;\">Au c\u0153ur d\u2019Esteem Vietnam Travel r\u00e9side notre mission de red\u00e9finir la fa\u00e7on dont les voyageurs d\u00e9couvrent le Vietnam. Nous croyons que le vrai luxe va au-del\u00e0 des h\u00e9bergements somptueux et de la haute gastronomie\u202f; il s\u2019agit d\u2019offrir de l\u2019authenticit\u00e9 et de favoriser des connexions authentiques avec les lieux et les gens rencontr\u00e9s en chemin. Pour nous, le luxe repose sur un voyage r\u00e9fl\u00e9chi et personnalis\u00e9, qui r\u00e9sonne \u00e0 un niveau plus profond. Nous invitons nos clients \u00e0 faire confiance aux locaux \u2013 guid\u00e9s par notre \u00e9quipe experte, qui insuffle \u00e0 chaque itin\u00e9raire la chaleur et la richesse de la culture vietnamienne. Chacun de nos guides touristiques est un v\u00e9ritable expert local, ma\u00eetrisant plusieurs langues et d\u00e9di\u00e9 \u00e0 offrir plus qu\u2019une simple visite. Ils insufflent la vie \u00e0 l\u2019\u00e2me du Vietnam, cr\u00e9ant un pont entre le voyage de luxe et l\u2019immersion culturelle.<\/span><\/div>\n<div style=\"padding-left: 40px;\"><\/div>\n<div style=\"padding-left: 40px;\">\n<p><a href=\"http:\/\/esteemtravelvn.com\/wp-content\/uploads\/2024\/11\/Daily-life-at-Hanoi-train-street.jpg\"><img decoding=\"async\" class=\"wp-image-5371 size-full\" src=\"http:\/\/esteemtravelvn.com\/wp-content\/uploads\/2024\/11\/Daily-life-at-Hanoi-train-street.jpg\" alt=\"Hanoi train street Hidden gems\" width=\"1000\" height=\"667\" srcset=\"https:\/\/esteemtravelvn.com\/wp-content\/uploads\/2024\/11\/Daily-life-at-Hanoi-train-street.jpg 1000w, https:\/\/esteemtravelvn.com\/wp-content\/uploads\/2024\/11\/Daily-life-at-Hanoi-train-street-300x200.jpg 300w, https:\/\/esteemtravelvn.com\/wp-content\/uploads\/2024\/11\/Daily-life-at-Hanoi-train-street-768x512.jpg 768w, https:\/\/esteemtravelvn.com\/wp-content\/uploads\/2024\/11\/Daily-life-at-Hanoi-train-street-800x534.jpg 800w\" sizes=\"(max-width: 1000px) 100vw, 1000px\" \/><\/a><\/p>\n<\/div>\n<div style=\"padding-left: 40px;\"><\/div>\n<div style=\"padding-left: 40px;\"><span style=\"color: #000000;\">Notre engagement envers \u201cl\u2019Exp\u00e9rience Esteem\u201d signifie privil\u00e9gier le respect, l\u2019attention aux d\u00e9tails, et le service client \u00e0 chaque \u00e9tape du parcours. Nous savons que le voyage d\u00e9passe le cadre d\u2019un simple itin\u00e9raire\u202f; c\u2019est un parcours personnel de d\u00e9couverte, et chaque aspect de notre service refl\u00e8te cette compr\u00e9hension. De la premi\u00e8re demande de renseignements aux adieux finaux, Esteem Vietnam Travel s\u2019efforce d\u2019offrir une exp\u00e9rience o\u00f9 nos clients se sentent valoris\u00e9s, \u00e9cout\u00e9s et inspir\u00e9s.<\/span><\/div>\n<div style=\"padding-left: 40px;\"><\/div>\n<h3 style=\"padding-left: 40px;\"><span style=\"color: #000000;\"><strong>Un Voyage \u00e0 Travers les Joyaux Cach\u00e9s du Vietnam : Des Exp\u00e9riences Uniques en Voyage<\/strong><\/span><\/h3>\n<div style=\"padding-left: 40px;\"><\/div>\n<div style=\"padding-left: 40px;\"><span style=\"color: #000000;\">Au cours des cinq derni\u00e8res ann\u00e9es, Esteem Vietnam Travel est devenu synonyme d\u2019exploration des joyaux cach\u00e9s du Vietnam. Nous nous sp\u00e9cialisons dans la d\u00e9couverte de lieux pr\u00e9serv\u00e9s du tourisme de masse, offrant une escapade tranquille et sereine aux voyageurs en qu\u00eate de paix, d\u2019intimit\u00e9 et d\u2019authenticit\u00e9. Que ce soit un refuge isol\u00e9 dans les montagnes verdoyantes de Mai Chau, une croisi\u00e8re priv\u00e9e \u00e0 travers la baie de Bai Tu Long ou une escapade paisible sur les plages des \u00eeles de Con Dao, chaque destination est soigneusement s\u00e9lectionn\u00e9e pour sa beaut\u00e9 naturelle, sa signification culturelle et son potentiel \u00e0 offrir une exp\u00e9rience v\u00e9ritablement luxueuse et discr\u00e8te.<\/span><\/div>\n<div style=\"padding-left: 40px;\"><\/div>\n<div style=\"padding-left: 40px;\">\n<p><a href=\"http:\/\/esteemtravelvn.com\/wp-content\/uploads\/2024\/11\/bai-tu-long-bay-vietnam.jpg\"><img decoding=\"async\" class=\"wp-image-5421 size-full\" src=\"http:\/\/esteemtravelvn.com\/wp-content\/uploads\/2024\/11\/bai-tu-long-bay-vietnam.jpg\" alt=\"Bai Tu Long Bay Vietnam\" width=\"1068\" height=\"800\" srcset=\"https:\/\/esteemtravelvn.com\/wp-content\/uploads\/2024\/11\/bai-tu-long-bay-vietnam.jpg 1068w, https:\/\/esteemtravelvn.com\/wp-content\/uploads\/2024\/11\/bai-tu-long-bay-vietnam-300x225.jpg 300w, https:\/\/esteemtravelvn.com\/wp-content\/uploads\/2024\/11\/bai-tu-long-bay-vietnam-1024x767.jpg 1024w, https:\/\/esteemtravelvn.com\/wp-content\/uploads\/2024\/11\/bai-tu-long-bay-vietnam-768x575.jpg 768w, https:\/\/esteemtravelvn.com\/wp-content\/uploads\/2024\/11\/bai-tu-long-bay-vietnam-600x450.jpg 600w, https:\/\/esteemtravelvn.com\/wp-content\/uploads\/2024\/11\/bai-tu-long-bay-vietnam-800x599.jpg 800w\" sizes=\"(max-width: 1068px) 100vw, 1068px\" \/><\/a><\/p>\n<\/div>\n<h3 style=\"padding-left: 40px;\"><span style=\"color: #000000;\"><strong>Conception d\u2019\u00c9v\u00e9nements sur Mesure et Logistique de Voyage Parfaite<\/strong><\/span><\/h3>\n<div style=\"padding-left: 40px;\"><\/div>\n<div style=\"padding-left: 40px;\"><span style=\"color: #000000;\">Notre expertise ne se limite pas aux visites guid\u00e9es\u202f; nous sommes fiers d\u2019offrir un ensemble complet de services de voyage, incluant la conception d\u2019\u00e9v\u00e9nements sur mesure, la gestion des transports et la logistique de programme. Chaque \u00e9v\u00e9nement, qu\u2019il s\u2019agisse d\u2019un mariage romantique sur la plage, d\u2019un s\u00e9minaire d\u2019entreprise ou d\u2019une c\u00e9l\u00e9bration familiale, est con\u00e7u avec pr\u00e9cision et \u00e9l\u00e9gance. Nous comprenons que les \u00e9v\u00e9nements m\u00e9morables n\u00e9cessitent une ex\u00e9cution sans faille, c\u2019est pourquoi notre \u00e9quipe de logistique travaille sans rel\u00e2che pour garantir que chaque \u00e9l\u00e9ment \u2013 du transport \u00e0 la mise en place du lieu \u2013 s\u2019articule harmonieusement. Avec nos services, vous \u00eates libre de profiter de chaque moment, en toute confiance que chaque d\u00e9tail a \u00e9t\u00e9 soigneusement orchestr\u00e9.<\/span><\/div>\n<div style=\"padding-left: 40px;\"><\/div>\n<div style=\"padding-left: 40px;\">\n<p><a href=\"http:\/\/esteemtravelvn.com\/wp-content\/uploads\/2024\/10\/Beach-Family-Phu-Quoc.jpg\"><img decoding=\"async\" class=\"size-full wp-image-5174\" src=\"http:\/\/esteemtravelvn.com\/wp-content\/uploads\/2024\/10\/Beach-Family-Phu-Quoc.jpg\" alt=\"\" width=\"1800\" height=\"1200\" srcset=\"https:\/\/esteemtravelvn.com\/wp-content\/uploads\/2024\/10\/Beach-Family-Phu-Quoc.jpg 1800w, https:\/\/esteemtravelvn.com\/wp-content\/uploads\/2024\/10\/Beach-Family-Phu-Quoc-300x200.jpg 300w, https:\/\/esteemtravelvn.com\/wp-content\/uploads\/2024\/10\/Beach-Family-Phu-Quoc-1024x683.jpg 1024w, https:\/\/esteemtravelvn.com\/wp-content\/uploads\/2024\/10\/Beach-Family-Phu-Quoc-768x512.jpg 768w, https:\/\/esteemtravelvn.com\/wp-content\/uploads\/2024\/10\/Beach-Family-Phu-Quoc-1536x1024.jpg 1536w, https:\/\/esteemtravelvn.com\/wp-content\/uploads\/2024\/10\/Beach-Family-Phu-Quoc-800x533.jpg 800w\" sizes=\"(max-width: 1800px) 100vw, 1800px\" \/><\/a><\/p>\n<\/div>\n<h3 style=\"padding-left: 40px;\"><span style=\"color: #000000;\"><strong>\u00c9largir Notre Expertise : Personnel Multilingue et Service Personnalis\u00e9<\/strong><\/span><\/h3>\n<div style=\"padding-left: 40px;\"><\/div>\n<div style=\"padding-left: 40px;\"><span style=\"color: #000000;\">Notre client\u00e8le est diversifi\u00e9e, et nous sommes fiers de faire en sorte que chaque client se sente chez lui au Vietnam. Pour mieux servir nos invit\u00e9s internationaux, nous avons \u00e9largi notre \u00e9quipe pour inclure du personnel multilingue ma\u00eetrisant l\u2019anglais, l\u2019espagnol, le fran\u00e7ais, l\u2019italien, le portugais et l\u2019allemand. Cette diversit\u00e9 linguistique nous permet de communiquer efficacement et de cr\u00e9er des liens significatifs avec des voyageurs du monde entier, en adaptant chaque exp\u00e9rience pour r\u00e9pondre \u00e0 leurs pr\u00e9f\u00e9rences et besoins culturels. Notre d\u00e9vouement au service personnalis\u00e9 signifie que chaque voyage est con\u00e7u sur mesure pour correspondre aux int\u00e9r\u00eats et aux d\u00e9sirs de chaque voyageur, garantissant une exp\u00e9rience unique et confortable.<\/span><\/div>\n<div style=\"padding-left: 40px;\"><\/div>\n<div style=\"padding-left: 40px;\"><a href=\"http:\/\/esteemtravelvn.com\/wp-content\/uploads\/2024\/09\/iConnect-Where-are-the-foreign-language-guides.jpg\"><img decoding=\"async\" class=\"size-full wp-image-4134 aligncenter\" src=\"http:\/\/esteemtravelvn.com\/wp-content\/uploads\/2024\/09\/iConnect-Where-are-the-foreign-language-guides.jpg\" alt=\"esteem travel-Where-are-the-foreign-language-guides\" width=\"800\" height=\"400\" srcset=\"https:\/\/esteemtravelvn.com\/wp-content\/uploads\/2024\/09\/iConnect-Where-are-the-foreign-language-guides.jpg 800w, https:\/\/esteemtravelvn.com\/wp-content\/uploads\/2024\/09\/iConnect-Where-are-the-foreign-language-guides-300x150.jpg 300w, https:\/\/esteemtravelvn.com\/wp-content\/uploads\/2024\/09\/iConnect-Where-are-the-foreign-language-guides-768x384.jpg 768w\" sizes=\"(max-width: 800px) 100vw, 800px\" \/><\/a><\/div>\n<h3 style=\"padding-left: 40px;\"><span style=\"color: #000000;\"><strong>D\u00e9couvrez les Leaders Derri\u00e8re Esteem Vietnam Travel<\/strong><\/span><\/h3>\n<div style=\"padding-left: 40px;\"><\/div>\n<div style=\"padding-left: 40px;\"><span style=\"color: #000000;\">Le c\u0153ur d\u2019Esteem Vietnam Travel r\u00e9side dans notre \u00e9quipe d\u00e9di\u00e9e, dirig\u00e9e par des professionnels passionn\u00e9s qui partagent une vision commune de red\u00e9finir le voyage de luxe au Vietnam.<\/span><\/div>\n<div style=\"padding-left: 40px;\"><\/div>\n<div style=\"padding-left: 40px;\"><span style=\"color: #000000;\">&#8211; Jean Le (Fondatrice &amp; PDG) : Forte d\u2019une vaste exp\u00e9rience dans l\u2019hospitalit\u00e9 et la gestion d\u2019\u00e9v\u00e9nements, Jean Le dirige Esteem Travel avec un engagement envers l\u2019excellence et l\u2019innovation. Sa vision est de rendre accessibles les paysages et cultures vari\u00e9s du Vietnam \u00e0 ceux qui appr\u00e9cient le luxe et l\u2019authenticit\u00e9. La passion de Jean pour le Vietnam inspire chaque voyage con\u00e7u chez Esteem Travel.<\/span><\/div>\n<div style=\"padding-left: 40px;\"><span style=\"color: #000000;\">\u00a0\u00a0<\/span><\/div>\n<div style=\"padding-left: 40px;\"><span style=\"color: #000000;\">&#8211; Rose Le (Directrice des Op\u00e9rations): L\u2019expertise de Rose Le dans la logistique et les op\u00e9rations garantit que chaque circuit, \u00e9v\u00e9nement et exp\u00e9rience se d\u00e9roule sans accroc, du d\u00e9but \u00e0 la fin. Son attention m\u00e9ticuleuse aux d\u00e9tails et ses comp\u00e9tences en r\u00e9solution de probl\u00e8mes sont essentielles pour maintenir les standards \u00e9lev\u00e9s d\u2019Esteem Vietnam Travel, que ce soit pour g\u00e9rer une croisi\u00e8re priv\u00e9e, coordonner les transports ou organiser un itin\u00e9raire complexe.<\/span><\/div>\n<div style=\"padding-left: 40px;\"><\/div>\n<h3 style=\"padding-left: 40px;\"><span style=\"color: #000000;\"><strong>Nos Guides Touristiques Experts : Red\u00e9finir l\u2019Immersion Culturelle<\/strong><\/span><\/h3>\n<div style=\"padding-left: 40px;\"><\/div>\n<div style=\"padding-left: 40px;\"><span style=\"color: #000000;\">Chez Esteem Vietnam Travel, nos guides touristiques hautement qualifi\u00e9s sont au c\u0153ur de l\u2019exp\u00e9rience. Plus que de simples guides, ils sont des ambassadeurs culturels qui partagent l\u2019histoire, les traditions et les perspectives locales du Vietnam de mani\u00e8re engageante et m\u00e9morable. Chaque guide parle plusieurs langues, dont l\u2019anglais, l\u2019espagnol, le fran\u00e7ais, l\u2019allemand, l\u2019italien et le n\u00e9erlandais, garantissant ainsi aux voyageurs de se sentir \u00e0 l\u2019aise et bien inform\u00e9s \u00e0 tout moment. Gr\u00e2ce \u00e0 leur connaissance approfondie des sites historiques, de la sc\u00e8ne culinaire et des merveilles naturelles du Vietnam, nos guides offrent une exp\u00e9rience enrichissante qui d\u00e9passe les visites touristiques, permettant aux voyageurs de se connecter profond\u00e9ment avec le patrimoine culturel du pays.<\/span><\/div>\n<div style=\"padding-left: 40px;\"><\/div>\n<h3 style=\"padding-left: 40px;\"><span style=\"color: #000000;\"><strong>Red\u00e9finir le Luxe et la Connexion Culturelle<\/strong><\/span><\/h3>\n<div style=\"padding-left: 40px;\"><\/div>\n<div style=\"padding-left: 40px;\"><span style=\"color: #000000;\">Pour Esteem Vietnam Travel, le luxe consiste \u00e0 personnaliser chaque voyage pour refl\u00e9ter les int\u00e9r\u00eats de nos clients et \u00e0 offrir une exp\u00e9rience qui va au-del\u00e0 des attentes. Nos circuits soigneusement s\u00e9lectionn\u00e9s sont con\u00e7us pour mettre en valeur la beaut\u00e9 des paysages vietnamiens, la richesse de son patrimoine culturel et la chaleur de son peuple. Nous invitons les voyageurs \u00e0 explorer le Vietnam d\u2019une mani\u00e8re qui allie indulgence et immersion culturelle, qu\u2019il s\u2019agisse de visiter d\u2019anciens temples et monuments ou de d\u00e9couvrir des plages cach\u00e9es et des retraites en montagne.<\/span><\/div>\n<div style=\"padding-left: 40px;\"><\/div>\n<div style=\"padding-left: 40px;\"><span style=\"color: #000000;\">Notre engagement \u00e0 \u00ab\u00a0red\u00e9finir le luxe\u00a0\u00bb se manifeste dans chaque itin\u00e9raire soigneusement planifi\u00e9. D\u2019une promenade en bateau priv\u00e9 \u00e0 travers les voies navigables pittoresques de Ninh Binh \u00e0 une visite \u00e9cologique dans les grottes class\u00e9es au patrimoine de l\u2019UNESCO de Phong Nha &#8211; Ke Bang, chaque exp\u00e9rience refl\u00e8te notre d\u00e9vouement \u00e0 offrir des moments uniques et inoubliables. Que vous soyez attir\u00e9 par les plages pittoresques de Da Nang, les montagnes paisibles de Yen Tu ou les \u00eeles pr\u00e9serv\u00e9es de Con Dao, nos circuits de luxe offrent \u00e0 la fois d\u00e9tente et d\u00e9couverte, assurant une exp\u00e9rience de voyage profond\u00e9ment significative et enrichissante.<\/span><\/div>\n<div style=\"padding-left: 40px;\"><\/div>\n<div style=\"padding-left: 40px;\">\n<p><a href=\"http:\/\/esteemtravelvn.com\/wp-content\/uploads\/2024\/11\/Hang-En-Cave-phong-nha-ke-bang-vietnam.jpg\"><img decoding=\"async\" class=\"size-full wp-image-5455\" src=\"http:\/\/esteemtravelvn.com\/wp-content\/uploads\/2024\/11\/Hang-En-Cave-phong-nha-ke-bang-vietnam.jpg\" alt=\"Hang En cave - Phong Nha Ke Bang, Quang Binh, Vietnam\" width=\"1170\" height=\"780\" srcset=\"https:\/\/esteemtravelvn.com\/wp-content\/uploads\/2024\/11\/Hang-En-Cave-phong-nha-ke-bang-vietnam.jpg 1170w, https:\/\/esteemtravelvn.com\/wp-content\/uploads\/2024\/11\/Hang-En-Cave-phong-nha-ke-bang-vietnam-300x200.jpg 300w, https:\/\/esteemtravelvn.com\/wp-content\/uploads\/2024\/11\/Hang-En-Cave-phong-nha-ke-bang-vietnam-1024x683.jpg 1024w, https:\/\/esteemtravelvn.com\/wp-content\/uploads\/2024\/11\/Hang-En-Cave-phong-nha-ke-bang-vietnam-768x512.jpg 768w, https:\/\/esteemtravelvn.com\/wp-content\/uploads\/2024\/11\/Hang-En-Cave-phong-nha-ke-bang-vietnam-800x533.jpg 800w\" sizes=\"(max-width: 1170px) 100vw, 1170px\" \/><\/a><\/p>\n<\/div>\n<h3 style=\"padding-left: 40px;\"><span style=\"color: #000000;\"><strong>Rejoignez-nous pour un Voyage de D\u00e9couverte et de Connexion<\/strong><\/span><\/h3>\n<div style=\"padding-left: 40px;\"><\/div>\n<div style=\"padding-left: 40px;\"><span style=\"color: #000000;\">Alors que nous nous pr\u00e9parons \u00e0 accueillir de nouveaux clients, notre mission reste la m\u00eame : offrir la meilleure exp\u00e9rience d\u2019agence de voyage au Vietnam, o\u00f9 luxe et connexion culturelle vont de pair. Nous r\u00e9pondons \u00e0 tous les types de voyageurs, que vous planifiiez une escapade \u00e9conomique ou des vacances extravagantes, uniques en leur genre. Avec notre \u00e9quipe d\u00e9vou\u00e9e, Esteem Vietnam Travel est votre porte d\u2019entr\u00e9e vers les joyaux cach\u00e9s et les exp\u00e9riences inoubliables du Vietnam.<\/span><\/div>\n<div style=\"padding-left: 40px;\"><\/div>\n<div style=\"padding-left: 40px;\"><span style=\"color: #000000;\">Laissez-nous vous guider \u00e0 travers la beaut\u00e9 et l\u2019histoire du Vietnam, offrant une exp\u00e9rience luxueuse, personnalis\u00e9e et profond\u00e9ment enrichissante. Chez Esteem Vietnam Travel, nous croyons que le voyage n\u2019est pas simplement un p\u00e9riple mais un moyen de se connecter avec le monde et avec soi-m\u00eame. Permettez-nous de transformer votre voyage en une aventure remarquable, riche en d\u00e9couvertes, luxe et profondeur culturelle.<\/span><\/div>\n","protected":false},"excerpt":{"rendered":"<p>Chez Esteem Vietnam Travel, notre voyage a commenc\u00e9 il y a cinq ans avec une vision audacieuse et in\u00e9branlable : transformer et \u00e9lever le voyage au Vietnam. Nous avons aspir\u00e9 \u00e0 apporter une nouvelle dimension au voyage domestique, o\u00f9 chaque aventure d\u00e9passe l&rsquo;ordinaire, en alliant le luxe \u00e0 des exp\u00e9riences significatives et immersives ancr\u00e9es dans&#8230;<\/p>\n","protected":false},"author":2,"featured_media":5455,"parent":0,"menu_order":0,"comment_status":"closed","ping_status":"closed","template":"page-blank-title-center.php","meta":{"rank_math_lock_modified_date":false,"footnotes":""},"class_list":["post-5497","page","type-page","status-publish","has-post-thumbnail","hentry"],"acf":[],"_links":{"self":[{"href":"https:\/\/esteemtravelvn.com\/fr\/wp-json\/wp\/v2\/pages\/5497"}],"collection":[{"href":"https:\/\/esteemtravelvn.com\/fr\/wp-json\/wp\/v2\/pages"}],"about":[{"href":"https:\/\/esteemtravelvn.com\/fr\/wp-json\/wp\/v2\/types\/page"}],"author":[{"embeddable":true,"href":"https:\/\/esteemtravelvn.com\/fr\/wp-json\/wp\/v2\/users\/2"}],"replies":[{"embeddable":true,"href":"https:\/\/esteemtravelvn.com\/fr\/wp-json\/wp\/v2\/comments?post=5497"}],"version-history":[{"count":0,"href":"https:\/\/esteemtravelvn.com\/fr\/wp-json\/wp\/v2\/pages\/5497\/revisions"}],"wp:featuredmedia":[{"embeddable":true,"href":"https:\/\/esteemtravelvn.com\/fr\/wp-json\/wp\/v2\/media\/5455"}],"wp:attachment":[{"href":"https:\/\/esteemtravelvn.com\/fr\/wp-json\/wp\/v2\/media?parent=5497"}],"curies":[{"name":"wp","href":"https:\/\/api.w.org\/{rel}","templated":true}]}}