{"id":5983,"date":"2024-12-10T16:30:18","date_gmt":"2024-12-10T09:30:18","guid":{"rendered":"https:\/\/esteemtravelvn.com\/?post_type=product&#038;p=5983"},"modified":"2024-12-10T16:30:50","modified_gmt":"2024-12-10T09:30:50","slug":"les-tresors-caches-de-hanoi","status":"publish","type":"product","link":"https:\/\/esteemtravelvn.com\/fr\/tour\/les-tresors-caches-de-hanoi\/","title":{"rendered":"D\u00e9couvrez les tr\u00e9sors cach\u00e9s de Hano\u00ef : Une journ\u00e9e captivante d&rsquo;art, de culture et de gastronomie"},"content":{"rendered":"<div><\/div>\n<div><span style=\"color: #000000;\">Les tr\u00e9sors cach\u00e9s de Hanoi : une excursion d&rsquo;une journ\u00e9e, la capitale enchanteresse du Vietnam, est une ville de contrastes, un endroit o\u00f9 les traditions anciennes se marient parfaitement aux influences modernes. Si les monuments embl\u00e9matiques comme le lac Hoan Kiem, le vieux quartier et le mausol\u00e9e de Ho Chi Minh sont bien connus, Hanoi abrite \u00e9galement une multitude de tr\u00e9sors cach\u00e9s que seuls les voyageurs les plus curieux peuvent d\u00e9couvrir.<\/span><\/div>\n<div><\/div>\n<div><span style=\"color: #000000;\">Cette visite vous guidera hors des sentiers battus, au c\u0153ur de la sc\u00e8ne artistique captivante de la ville, de sa culture dynamique, de son caf\u00e9 de classe mondiale et de ses d\u00e9lices culinaires irr\u00e9sistibles. C&rsquo;est le moyen id\u00e9al de d\u00e9couvrir les tr\u00e9sors cach\u00e9s de Hanoi au-del\u00e0 de ses sites touristiques, en explorant des exp\u00e9riences authentiques qui laisseront une impression durable.<\/span><\/div>\n<div><span style=\"color: #000000;\">D\u00e9couvrez la capitale enchanteresse du Vietnam \u00e0 travers ses tr\u00e9sors moins connus. Cette visite soigneusement organis\u00e9e vous emm\u00e8ne hors des sentiers battus pour d\u00e9couvrir l&rsquo;art vibrant de Hanoi, Les tr\u00e9sors cach\u00e9s de Hanoi, sa culture unique du caf\u00e9, son artisanat traditionnel et sa cuisine all\u00e9chante.<\/span><\/div>\n<div><\/div>\n<div><\/div>\n<h3><span style=\"color: #000000;\">Fran\u00e7ais\u00c0 quoi s&rsquo;attendre<\/span><\/h3>\n<div><\/div>\n<h4><span style=\"color: #000000;\"><strong>1. Visite artistique<\/strong>: explorez la sc\u00e8ne artistique \u00e9mergente de Hanoi &#8211; Les tr\u00e9sors cach\u00e9s de Hanoi<\/span><\/h4>\n<div><\/div>\n<div><span style=\"color: #000000;\">Commencez votre journ\u00e9e en vous plongeant dans la sc\u00e8ne artistique dynamique de Hanoi. Visitez des galeries et des studios pr\u00e9sentant les \u0153uvres des jeunes artistes les plus prometteurs de la ville. Obtenez un aper\u00e7u unique de la culture vietnamienne moderne \u00e0 travers leurs expressions cr\u00e9atives, avec des opportunit\u00e9s d&rsquo;interagir directement avec les artistes eux-m\u00eames.<\/span><\/div>\n<div><\/div>\n<h4><span style=\"color: #000000;\"><strong>2. Exp\u00e9rience de d\u00e9gustation de caf\u00e9<\/strong>: la culture du caf\u00e9 de Hanoi r\u00e9v\u00e9l\u00e9e<\/span><\/h4>\n<div><\/div>\n<div><span style=\"color: #000000;\">Plongez dans la culture du caf\u00e9 de Hanoi avec une visite guid\u00e9e de caf\u00e9s cach\u00e9s. D\u00e9gustez des bi\u00e8res signatures comme le caf\u00e9 aux \u0153ufs et le cappuccino de Hanoi tout en apprenant l&rsquo;histoire fascinante et les secrets derri\u00e8re ces boissons embl\u00e9matiques. D&rsquo;un charmant manoir de l&rsquo;\u00e9poque fran\u00e7aise aux caf\u00e9s cach\u00e9s du vieux quartier, cette exp\u00e9rience \u00e9veillera vos papilles.<\/span><\/div>\n<div><\/div>\n<h4><span style=\"color: #000000;\"><strong>3. Visite du village artisanal:<\/strong> les traditions intemporelles de Hanoi &#8211; Les tr\u00e9sors cach\u00e9s de Hanoi<\/span><\/h4>\n<div><\/div>\n<div>\n<figure id=\"attachment_5672\" aria-describedby=\"caption-attachment-5672\" style=\"width: 1350px\" class=\"wp-caption alignnone\"><a href=\"http:\/\/esteemtravelvn.com\/wp-content\/uploads\/2024\/11\/Bat-Trang-Ha-Noi.png\"><img decoding=\"async\" class=\"size-full wp-image-5672\" src=\"http:\/\/esteemtravelvn.com\/wp-content\/uploads\/2024\/11\/Bat-Trang-Ha-Noi.png\" alt=\"Village de poterie de Bat Trang, Ha Noi\" width=\"1350\" height=\"845\" srcset=\"https:\/\/esteemtravelvn.com\/wp-content\/uploads\/2024\/11\/Bat-Trang-Ha-Noi.png 1350w, https:\/\/esteemtravelvn.com\/wp-content\/uploads\/2024\/11\/Bat-Trang-Ha-Noi-300x188.png 300w, https:\/\/esteemtravelvn.com\/wp-content\/uploads\/2024\/11\/Bat-Trang-Ha-Noi-1024x641.png 1024w, https:\/\/esteemtravelvn.com\/wp-content\/uploads\/2024\/11\/Bat-Trang-Ha-Noi-768x481.png 768w, https:\/\/esteemtravelvn.com\/wp-content\/uploads\/2024\/11\/Bat-Trang-Ha-Noi-800x501.png 800w\" sizes=\"(max-width: 1350px) 100vw, 1350px\" \/><\/a><figcaption id=\"caption-attachment-5672\" class=\"wp-caption-text\">Bat Trang Ha Noi<\/figcaption><\/figure>\n<\/div>\n<div><\/div>\n<div><span style=\"color: #000000;\">Sortez de la ville anim\u00e9e pour explorer les villages artisanaux les plus renomm\u00e9s de Hanoi, les tr\u00e9sors cach\u00e9s de Hanoi. D\u00e9couvrez le processus complexe de fabrication de la poterie, de la laque et de la soie en rencontrant des artisans qualifi\u00e9s qui perp\u00e9tuent ces traditions. Participez \u00e0 des ateliers pratiques pour cr\u00e9er votre propre pi\u00e8ce d&rsquo;artisanat vietnamien.<\/span><\/div>\n<div><\/div>\n<h3><strong><span style=\"color: #000000;\">Visite gastronomique nocturne des tr\u00e9sors cach\u00e9s de Hanoi : une aventure culinaire et culturelle<\/span><\/strong><\/h3>\n<div><a href=\"http:\/\/esteemtravelvn.com\/wp-content\/uploads\/2024\/11\/Hanoi-train-street-history.jpg\"><img decoding=\"async\" class=\"alignnone wp-image-5381 size-full\" src=\"http:\/\/esteemtravelvn.com\/wp-content\/uploads\/2024\/11\/Hanoi-train-street-history.jpg\" alt=\"Les tr\u00e9sors cach\u00e9s de Hanoi Hanoi's hidden gems\" width=\"1000\" height=\"667\" srcset=\"https:\/\/esteemtravelvn.com\/wp-content\/uploads\/2024\/11\/Hanoi-train-street-history.jpg 1000w, https:\/\/esteemtravelvn.com\/wp-content\/uploads\/2024\/11\/Hanoi-train-street-history-300x200.jpg 300w, https:\/\/esteemtravelvn.com\/wp-content\/uploads\/2024\/11\/Hanoi-train-street-history-768x512.jpg 768w, https:\/\/esteemtravelvn.com\/wp-content\/uploads\/2024\/11\/Hanoi-train-street-history-800x534.jpg 800w\" sizes=\"(max-width: 1000px) 100vw, 1000px\" \/><\/a><a href=\"http:\/\/esteemtravelvn.com\/wp-content\/uploads\/2024\/11\/hanoi-street-food-tour-Pho.webp\"><img decoding=\"async\" class=\"alignnone wp-image-5706 size-full\" src=\"http:\/\/esteemtravelvn.com\/wp-content\/uploads\/2024\/11\/hanoi-street-food-tour-Pho.webp\" alt=\"Hanoi's Hidden gems Les tr\u00e9sors cach\u00e9s de Hanoi\" width=\"1020\" height=\"681\" srcset=\"https:\/\/esteemtravelvn.com\/wp-content\/uploads\/2024\/11\/hanoi-street-food-tour-Pho.webp 1020w, https:\/\/esteemtravelvn.com\/wp-content\/uploads\/2024\/11\/hanoi-street-food-tour-Pho-300x200.webp 300w, https:\/\/esteemtravelvn.com\/wp-content\/uploads\/2024\/11\/hanoi-street-food-tour-Pho-768x513.webp 768w, https:\/\/esteemtravelvn.com\/wp-content\/uploads\/2024\/11\/hanoi-street-food-tour-Pho-800x534.webp 800w\" sizes=\"(max-width: 1020px) 100vw, 1020px\" \/><\/a><\/div>\n<div><\/div>\n<div><span style=\"color: #000000;\">Terminez votre journ\u00e9e par une visite gastronomique \u00e0 pied dans les ruelles cach\u00e9es du vieux quartier. Savourez 7 \u00e0 10 plats authentiques, notamment des sp\u00e9cialit\u00e9s de rue et des recettes familiales uniques. Cette exp\u00e9rience immersive met en valeur la diversit\u00e9 et l&rsquo;histoire du paysage culinaire de Hanoi, influenc\u00e9 par les cuisines vietnamienne, fran\u00e7aise et chinoise.<\/span><\/div>\n<div><\/div>\n<h4><strong><span style=\"color: #000000;\">Inclusions de la visite &#8211; Les tr\u00e9sors cach\u00e9s de Hanoi :<\/span><\/strong><\/h4>\n<div><\/div>\n<div><span style=\"color: #000000;\">Transport priv\u00e9 vers les villages artisanaux.<\/span><\/div>\n<div><span style=\"color: #000000;\">Exp\u00e9riences guid\u00e9es avec des experts locaux.<\/span><\/div>\n<div><span style=\"color: #000000;\">Toutes les d\u00e9gustations de nourriture et de boissons pendant les visites du caf\u00e9 et de la gastronomie.<\/span><\/div>\n<div><span style=\"color: #000000;\">Ateliers et activit\u00e9s pratiques.<\/span><\/div>\n<div><\/div>\n<h4><strong><span style=\"color: #000000;\">Exclusions de la visite : D\u00e9penses personnelles.<\/span><\/strong><\/h4>\n<div><\/div>\n<div><span style=\"color: #000000;\">Cette visite des tr\u00e9sors cach\u00e9s de Hanoi promet de d\u00e9voiler les histoires in\u00e9dites de la ville, offrant une journ\u00e9e inoubliable de d\u00e9couverte, de cr\u00e9ativit\u00e9 et de gourmandise.<\/span><\/div>\n<div><\/div>\n<div><span style=\"color: #000000;\">Contactez-nous pour plus d&rsquo;informations sur Esteemtravelvn.com<\/span><\/div>\n<div><\/div>\n<div><span style=\"color: #000000;\">R\u00e9f\u00e9rence : <a href=\"https:\/\/hanoi-artgallery.com\/\" target=\"_blank\" rel=\"noopener\">Galerie d&rsquo;art \u00e0 Hanoi<\/a><\/span><\/div>\n","protected":false},"excerpt":{"rendered":"<p><span style=\"color: #000000;\">Visite des tr\u00e9sors cach\u00e9s de Hanoi : une journ\u00e9e consacr\u00e9e \u00e0 l\u2019art, au caf\u00e9, \u00e0 la culture et \u00e0 la cuisine<\/span><\/p>\n<p><span style=\"color: #000000;\">Embarquez pour un voyage organis\u00e9 \u00e0 travers les tr\u00e9sors moins connus de Hanoi, parfait pour ceux qui recherchent des exp\u00e9riences uniques et authentiques au-del\u00e0 des monuments habituels. Cette visite d\u2019une journ\u00e9e d\u00e9voile le c\u0153ur artistique, culinaire et culturel de la capitale du Vietnam, vous faisant d\u00e9couvrir ses tr\u00e9sors cach\u00e9s d\u2019une mani\u00e8re \u00e0 la fois enrichissante et inoubliable.<\/span><\/p>\n","protected":false},"featured_media":5672,"comment_status":"closed","ping_status":"closed","template":"","meta":{"rank_math_lock_modified_date":false},"product_cat":[178],"product_tag":[636,645,640,637,642,646,638,648,649,644,647,643,635,641,639],"class_list":{"0":"post-5983","1":"product","2":"type-product","3":"status-publish","4":"has-post-thumbnail","6":"product_cat-classic-highlights","7":"product_tag-art-a-hanoi","8":"product_tag-attractions-cachees","9":"product_tag-cuisine-locale","10":"product_tag-culture-vietnamienne","11":"product_tag-destinations-en-asie","12":"product_tag-experiences-culinaires","13":"product_tag-gastronomie-vietnamienne","14":"product_tag-guide-de-voyage-hanoi","15":"product_tag-hanoi-fr","16":"product_tag-journee-a-hanoi","17":"product_tag-patrimoine-vietnamien","18":"product_tag-tourisme-au-vietnam","19":"product_tag-tresors-caches","20":"product_tag-visites-culturelles","21":"product_tag-voyage-a-hanoi","23":"first","24":"instock","25":"shipping-taxable","26":"product-type-simple"},"acf":[],"_links":{"self":[{"href":"https:\/\/esteemtravelvn.com\/fr\/wp-json\/wp\/v2\/product\/5983"}],"collection":[{"href":"https:\/\/esteemtravelvn.com\/fr\/wp-json\/wp\/v2\/product"}],"about":[{"href":"https:\/\/esteemtravelvn.com\/fr\/wp-json\/wp\/v2\/types\/product"}],"replies":[{"embeddable":true,"href":"https:\/\/esteemtravelvn.com\/fr\/wp-json\/wp\/v2\/comments?post=5983"}],"wp:featuredmedia":[{"embeddable":true,"href":"https:\/\/esteemtravelvn.com\/fr\/wp-json\/wp\/v2\/media\/5672"}],"wp:attachment":[{"href":"https:\/\/esteemtravelvn.com\/fr\/wp-json\/wp\/v2\/media?parent=5983"}],"wp:term":[{"taxonomy":"product_cat","embeddable":true,"href":"https:\/\/esteemtravelvn.com\/fr\/wp-json\/wp\/v2\/product_cat?post=5983"},{"taxonomy":"product_tag","embeddable":true,"href":"https:\/\/esteemtravelvn.com\/fr\/wp-json\/wp\/v2\/product_tag?post=5983"}],"curies":[{"name":"wp","href":"https:\/\/api.w.org\/{rel}","templated":true}]}}