{"id":5507,"date":"2024-11-09T11:43:42","date_gmt":"2024-11-09T04:43:42","guid":{"rendered":"https:\/\/esteemtravelvn.com\/?page_id=5507"},"modified":"2024-11-09T11:43:42","modified_gmt":"2024-11-09T04:43:42","slug":"quem-somos","status":"publish","type":"page","link":"https:\/\/esteemtravelvn.com\/pt-pt\/quem-somos\/","title":{"rendered":"Quem somos"},"content":{"rendered":"<p style=\"padding-left: 40px;\"><span style=\"color: #000000;\"><a href=\"http:\/\/esteemtravelvn.com\/wp-content\/uploads\/2024\/11\/Muong-Hoa-Valley-Sapa.jpg\"><img decoding=\"async\" class=\"alignnone size-full wp-image-5368\" src=\"http:\/\/esteemtravelvn.com\/wp-content\/uploads\/2024\/11\/Muong-Hoa-Valley-Sapa.jpg\" alt=\"Muong-Hoa-Valley-Sapa\" width=\"1200\" height=\"800\" srcset=\"https:\/\/esteemtravelvn.com\/wp-content\/uploads\/2024\/11\/Muong-Hoa-Valley-Sapa.jpg 1200w, https:\/\/esteemtravelvn.com\/wp-content\/uploads\/2024\/11\/Muong-Hoa-Valley-Sapa-300x200.jpg 300w, https:\/\/esteemtravelvn.com\/wp-content\/uploads\/2024\/11\/Muong-Hoa-Valley-Sapa-1024x683.jpg 1024w, https:\/\/esteemtravelvn.com\/wp-content\/uploads\/2024\/11\/Muong-Hoa-Valley-Sapa-768x512.jpg 768w, https:\/\/esteemtravelvn.com\/wp-content\/uploads\/2024\/11\/Muong-Hoa-Valley-Sapa-800x533.jpg 800w\" sizes=\"(max-width: 1200px) 100vw, 1200px\" \/><\/a><\/span><\/p>\n<p style=\"padding-left: 40px;\"><span style=\"color: #000000;\">Na Esteem Vietnam Travel, nossa jornada come\u00e7ou h\u00e1 cinco anos com uma vis\u00e3o ousada e inabal\u00e1vel: transformar e elevar o turismo dentro do Vietn\u00e3. Aspiramos trazer uma nova dimens\u00e3o ao turismo dom\u00e9stico, onde cada viagem v\u00e1 al\u00e9m do comum, combinando luxo com experi\u00eancias significativas e imersivas, enraizadas na riqueza da cultura vietnamita. O que come\u00e7ou como uma pequena e dedicada ag\u00eancia evoluiu para uma das principais empresas de turismo do Vietn\u00e3, confiada por viajantes exigentes de todo o mundo, que buscam n\u00e3o apenas o conforto de uma viagem de alto padr\u00e3o, mas tamb\u00e9m uma conex\u00e3o profunda com o patrim\u00f4nio e o povo vietnamita. Hoje, a Esteem Vietnam Travel se destaca como l\u00edder em turismo de luxo e experi\u00eancias, reconhecida por criar jornadas excepcionais que incentivam os viajantes a \u201cconfiar nos locais, experimentar o respeito e redefinir o luxo.\u201d<\/span><\/p>\n<h3 style=\"padding-left: 40px;\"><span style=\"color: #000000;\"><strong>Nossa Miss\u00e3o e Filosofia: Confie nos Locais, Experimente o Respeito<\/strong> <\/span><\/h3>\n<p style=\"padding-left: 40px;\"><span style=\"color: #000000;\">No cora\u00e7\u00e3o da Esteem Vietnam Travel est\u00e1 nossa miss\u00e3o de redefinir como os viajantes vivenciam o Vietn\u00e3. Acreditamos que o verdadeiro luxo \u00e9 mais do que acomoda\u00e7\u00f5es luxuosas e jantares requintados; \u00e9 sobre proporcionar autenticidade e fomentar conex\u00f5es genu\u00ednas com os lugares e pessoas que voc\u00ea encontra pelo caminho. Para n\u00f3s, o luxo \u00e9 uma viagem personalizada e atenciosa que ressoa em um n\u00edvel mais profundo. Convidamos nossos h\u00f3spedes a confiarem nos locais \u2014 guiados por nossa equipe experiente, que infunde cada itiner\u00e1rio com o calor e a riqueza da cultura vietnamita. Cada um de nossos guias tur\u00edsticos \u00e9 um verdadeiro especialista local, fluente em v\u00e1rios idiomas e comprometido em oferecer mais do que uma simples visita guiada. Eles trazem \u00e0 vida o cora\u00e7\u00e3o e a alma do Vietn\u00e3, aproximando o turismo de luxo e a imers\u00e3o cultural.<\/span><\/p>\n<figure id=\"attachment_5373\" aria-describedby=\"caption-attachment-5373\" style=\"width: 1000px\" class=\"wp-caption aligncenter\"><a href=\"http:\/\/esteemtravelvn.com\/wp-content\/uploads\/2024\/11\/Daily-life-at-Hanoi-train-street.jpg\"><img decoding=\"async\" class=\"wp-image-5373 size-full\" src=\"http:\/\/esteemtravelvn.com\/wp-content\/uploads\/2024\/11\/Daily-life-at-Hanoi-train-street.jpg\" alt=\"Hanoi train street Hidden gems\" width=\"1000\" height=\"667\" srcset=\"https:\/\/esteemtravelvn.com\/wp-content\/uploads\/2024\/11\/Daily-life-at-Hanoi-train-street.jpg 1000w, https:\/\/esteemtravelvn.com\/wp-content\/uploads\/2024\/11\/Daily-life-at-Hanoi-train-street-300x200.jpg 300w, https:\/\/esteemtravelvn.com\/wp-content\/uploads\/2024\/11\/Daily-life-at-Hanoi-train-street-768x512.jpg 768w, https:\/\/esteemtravelvn.com\/wp-content\/uploads\/2024\/11\/Daily-life-at-Hanoi-train-street-800x534.jpg 800w\" sizes=\"(max-width: 1000px) 100vw, 1000px\" \/><\/a><figcaption id=\"caption-attachment-5373\" class=\"wp-caption-text\">Vida cotidiana na rua ferrovi\u00e1ria de Han\u00f3i<\/figcaption><\/figure>\n<p style=\"padding-left: 40px;\"><span style=\"color: #000000;\">Nosso compromisso com a \u201cExperi\u00eancia de Respeito\u201d significa priorizar o respeito, a aten\u00e7\u00e3o aos detalhes e o cuidado com o cliente em cada etapa da jornada. Sabemos que viajar \u00e9 mais do que um itiner\u00e1rio; \u00e9 uma jornada pessoal de descoberta, e cada aspecto de nosso servi\u00e7o reflete essa compreens\u00e3o. Desde a primeira consulta at\u00e9 a despedida final, a Esteem Vietnam Travel se esfor\u00e7a para oferecer uma experi\u00eancia em que nossos h\u00f3spedes se sintam valorizados, ouvidos e inspirados.<\/span><\/p>\n<h3 style=\"padding-left: 40px;\"><span style=\"color: #000000;\"><strong>Uma Jornada Pelas Joias Escondidas do Vietn\u00e3: Curadoria de Experi\u00eancias de Viagem \u00danicas<\/strong> <\/span><\/h3>\n<p style=\"padding-left: 40px;\"><span style=\"color: #000000;\">Nos \u00faltimos cinco anos, a Esteem Vietnam Travel se tornou sin\u00f4nimo de explorar as joias escondidas do Vietn\u00e3. Especializamo-nos em descobrir locais que permanecem intocados pelo turismo de massa, proporcionando uma fuga tranquila e serena para os viajantes que buscam paz, privacidade e autenticidade. Seja em um retiro isolado nas exuberantes montanhas de Mai Chau, um cruzeiro privativo pela menos visitada Ba\u00eda de Bai Tu Long ou uma escapada tranquila na praia nas Ilhas de Con Dao, cada destino \u00e9 cuidadosamente selecionado por sua beleza natural, signific\u00e2ncia cultural e potencial para oferecer uma experi\u00eancia verdadeiramente luxuosa e discreta.<\/span><\/p>\n<figure id=\"attachment_5423\" aria-describedby=\"caption-attachment-5423\" style=\"width: 1068px\" class=\"wp-caption aligncenter\"><a href=\"http:\/\/esteemtravelvn.com\/wp-content\/uploads\/2024\/11\/bai-tu-long-bay-vietnam.jpg\"><img decoding=\"async\" class=\"size-full wp-image-5423\" src=\"http:\/\/esteemtravelvn.com\/wp-content\/uploads\/2024\/11\/bai-tu-long-bay-vietnam.jpg\" alt=\"Bai Tu Long Bay Vietnam\" width=\"1068\" height=\"800\" srcset=\"https:\/\/esteemtravelvn.com\/wp-content\/uploads\/2024\/11\/bai-tu-long-bay-vietnam.jpg 1068w, https:\/\/esteemtravelvn.com\/wp-content\/uploads\/2024\/11\/bai-tu-long-bay-vietnam-300x225.jpg 300w, https:\/\/esteemtravelvn.com\/wp-content\/uploads\/2024\/11\/bai-tu-long-bay-vietnam-1024x767.jpg 1024w, https:\/\/esteemtravelvn.com\/wp-content\/uploads\/2024\/11\/bai-tu-long-bay-vietnam-768x575.jpg 768w, https:\/\/esteemtravelvn.com\/wp-content\/uploads\/2024\/11\/bai-tu-long-bay-vietnam-600x450.jpg 600w, https:\/\/esteemtravelvn.com\/wp-content\/uploads\/2024\/11\/bai-tu-long-bay-vietnam-800x599.jpg 800w\" sizes=\"(max-width: 1068px) 100vw, 1068px\" \/><\/a><figcaption id=\"caption-attachment-5423\" class=\"wp-caption-text\">Bai Tu Long Bay Vietnam<\/figcaption><\/figure>\n<p>&nbsp;<\/p>\n<h3 style=\"padding-left: 40px;\"><span style=\"color: #000000;\"><strong>Design Personalizado de Eventos e Log\u00edstica de Viagem Perfeita<\/strong> <\/span><\/h3>\n<p style=\"padding-left: 40px;\"><span style=\"color: #000000;\">Nossa experi\u00eancia n\u00e3o se limita a passeios guiados; temos orgulho em oferecer uma gama completa de servi\u00e7os de viagem, incluindo design personalizado de eventos, gest\u00e3o de transporte e log\u00edstica detalhada de programas. Cada evento, seja um casamento rom\u00e2ntico na praia, um retiro corporativo ou uma celebra\u00e7\u00e3o em fam\u00edlia, \u00e9 elaborado com precis\u00e3o e eleg\u00e2ncia. Entendemos que eventos memor\u00e1veis exigem uma execu\u00e7\u00e3o impec\u00e1vel, por isso nossa equipe de log\u00edstica trabalha incansavelmente para garantir que cada elemento \u2014 do transporte \u00e0 configura\u00e7\u00e3o do local \u2014 flua sem problemas. Com nossos servi\u00e7os, voc\u00ea est\u00e1 livre para aproveitar cada momento, sabendo que cada detalhe foi cuidadosamente planejado.<\/span><\/p>\n<figure id=\"attachment_5176\" aria-describedby=\"caption-attachment-5176\" style=\"width: 1800px\" class=\"wp-caption aligncenter\"><a href=\"http:\/\/esteemtravelvn.com\/wp-content\/uploads\/2024\/10\/Beach-Family-Phu-Quoc.jpg\"><img decoding=\"async\" class=\"wp-image-5176 size-full\" src=\"http:\/\/esteemtravelvn.com\/wp-content\/uploads\/2024\/10\/Beach-Family-Phu-Quoc.jpg\" alt=\"\" width=\"1800\" height=\"1200\" srcset=\"https:\/\/esteemtravelvn.com\/wp-content\/uploads\/2024\/10\/Beach-Family-Phu-Quoc.jpg 1800w, https:\/\/esteemtravelvn.com\/wp-content\/uploads\/2024\/10\/Beach-Family-Phu-Quoc-300x200.jpg 300w, https:\/\/esteemtravelvn.com\/wp-content\/uploads\/2024\/10\/Beach-Family-Phu-Quoc-1024x683.jpg 1024w, https:\/\/esteemtravelvn.com\/wp-content\/uploads\/2024\/10\/Beach-Family-Phu-Quoc-768x512.jpg 768w, https:\/\/esteemtravelvn.com\/wp-content\/uploads\/2024\/10\/Beach-Family-Phu-Quoc-1536x1024.jpg 1536w, https:\/\/esteemtravelvn.com\/wp-content\/uploads\/2024\/10\/Beach-Family-Phu-Quoc-800x533.jpg 800w\" sizes=\"(max-width: 1800px) 100vw, 1800px\" \/><\/a><figcaption id=\"caption-attachment-5176\" class=\"wp-caption-text\">Phu Quoc Island, Vietnam<\/figcaption><\/figure>\n<p>&nbsp;<\/p>\n<p style=\"padding-left: 40px;\"><span style=\"color: #000000;\"><strong>Expans\u00e3o de Nossa Expertise: Equipe Multil\u00edngue e Servi\u00e7o Personalizado<\/strong> <\/span><\/p>\n<p style=\"padding-left: 40px;\"><span style=\"color: #000000;\">Nossa clientela \u00e9 diversa, e temos orgulho em fazer com que todos se sintam em casa no Vietn\u00e3. Para atender melhor nossos h\u00f3spedes internacionais, expandimos nossa equipe para incluir funcion\u00e1rios multil\u00edngues fluentes em ingl\u00eas, espanhol, franc\u00eas, italiano, portugu\u00eas e alem\u00e3o. Essa diversidade lingu\u00edstica nos permite nos comunicar de forma eficaz e nos conectar de maneira significativa com viajantes de todo o mundo, adaptando cada experi\u00eancia para atender \u00e0s suas prefer\u00eancias e necessidades culturais. Nossa dedica\u00e7\u00e3o ao servi\u00e7o personalizado significa que cada viagem \u00e9 exclusivamente planejada para atender aos interesses e desejos de cada viajante, garantindo uma experi\u00eancia verdadeiramente sob medida e confort\u00e1vel.<\/span><\/p>\n<p style=\"padding-left: 40px;\"><span style=\"color: #000000;\"><a href=\"http:\/\/esteemtravelvn.com\/wp-content\/uploads\/2024\/09\/iConnect-Where-are-the-foreign-language-guides.jpg\"><img decoding=\"async\" class=\"size-full wp-image-4136 aligncenter\" src=\"http:\/\/esteemtravelvn.com\/wp-content\/uploads\/2024\/09\/iConnect-Where-are-the-foreign-language-guides.jpg\" alt=\"esteem travel-Where-are-the-foreign-language-guides\" width=\"800\" height=\"400\" srcset=\"https:\/\/esteemtravelvn.com\/wp-content\/uploads\/2024\/09\/iConnect-Where-are-the-foreign-language-guides.jpg 800w, https:\/\/esteemtravelvn.com\/wp-content\/uploads\/2024\/09\/iConnect-Where-are-the-foreign-language-guides-300x150.jpg 300w, https:\/\/esteemtravelvn.com\/wp-content\/uploads\/2024\/09\/iConnect-Where-are-the-foreign-language-guides-768x384.jpg 768w\" sizes=\"(max-width: 800px) 100vw, 800px\" \/><\/a><\/span><\/p>\n<p>&nbsp;<\/p>\n<h3 style=\"padding-left: 40px;\"><span style=\"color: #000000;\"><strong>Conhe\u00e7a os L\u00edderes da Esteem Vietnam Travel<\/strong> <\/span><\/h3>\n<p style=\"padding-left: 40px;\"><span style=\"color: #000000;\">O cora\u00e7\u00e3o da Esteem Vietnam Travel \u00e9 nossa equipe dedicada, liderada por profissionais apaixonados da ind\u00fastria que compartilham uma vis\u00e3o comum de redefinir o turismo de luxo no Vietn\u00e3.<\/span><\/p>\n<p style=\"padding-left: 40px;\"><span style=\"color: #000000;\"><strong>Jean Le (Fundadora e CEO)<\/strong>: Com uma vasta experi\u00eancia em hospitalidade e gest\u00e3o de eventos, Jean Le lidera a Esteem Travel com um compromisso com a excel\u00eancia e a inova\u00e7\u00e3o. Sua vis\u00e3o \u00e9 tornar as diversas paisagens e culturas do Vietn\u00e3 acess\u00edveis \u00e0queles que valorizam o luxo e a autenticidade. A dedica\u00e7\u00e3o de Jean \u00e0 qualidade, aliada ao seu profundo amor pelo Vietn\u00e3, inspira cada viagem planejada na Esteem Travel.<\/span><\/p>\n<p style=\"padding-left: 40px;\"><span style=\"color: #000000;\"><strong>Rose Le (Diretora de Opera\u00e7\u00f5es)<\/strong>: A expertise de Rose Le em log\u00edstica e opera\u00e7\u00f5es garante que cada tour, evento e experi\u00eancia funcione perfeitamente do in\u00edcio ao fim. Sua aten\u00e7\u00e3o meticulosa aos detalhes e suas fortes habilidades de resolu\u00e7\u00e3o de problemas s\u00e3o fundamentais para manter os altos padr\u00f5es da Esteem Vietnam Travel, seja gerenciando um cruzeiro privativo, coordenando o transporte ou organizando um itiner\u00e1rio complexo.<\/span><\/p>\n<h3 style=\"padding-left: 40px;\"><span style=\"color: #000000;\"><strong>Nossos Guias de Turismo Especializados: Redefinindo a Imers\u00e3o Cultural<\/strong> <\/span><\/h3>\n<p style=\"padding-left: 40px;\"><span style=\"color: #000000;\">Na Esteem Vietnam Travel, nossos guias altamente qualificados s\u00e3o centrais para a experi\u00eancia. Mais do que apenas guias, eles s\u00e3o embaixadores culturais que compartilham a hist\u00f3ria, as tradi\u00e7\u00f5es e os conhecimentos locais do Vietn\u00e3 de maneira envolvente e memor\u00e1vel. Cada guia \u00e9 fluente em v\u00e1rios idiomas, incluindo ingl\u00eas, espanhol, franc\u00eas, alem\u00e3o, italiano e holand\u00eas, garantindo que os viajantes se sintam confort\u00e1veis e bem informados o tempo todo. Com seu extenso conhecimento dos locais hist\u00f3ricos, da culin\u00e1ria e das maravilhas naturais do Vietn\u00e3, nossos guias oferecem uma experi\u00eancia enriquecedora que vai al\u00e9m do turismo, permitindo que os viajantes se conectem profundamente com o patrim\u00f4nio cultural do pa\u00eds.<\/span><\/p>\n<h3 style=\"padding-left: 40px;\"><span style=\"color: #000000;\"><strong>Redefinindo o Luxo e a Conex\u00e3o Cultural<\/strong> <\/span><\/h3>\n<p style=\"padding-left: 40px;\"><span style=\"color: #000000;\">Para a Esteem Vietnam Travel, o luxo \u00e9 sobre personalizar cada viagem para refletir os interesses dos nossos h\u00f3spedes e oferecer uma experi\u00eancia que vai al\u00e9m do esperado. Nossos tours cuidadosamente selecionados s\u00e3o projetados para destacar a beleza das paisagens do Vietn\u00e3, a riqueza de seu patrim\u00f4nio cultural e o calor de seu povo. Convidamos os viajantes a explorar o Vietn\u00e3 de uma forma que combina indulg\u00eancia com imers\u00e3o cultural, desde visitas a templos e marcos antigos at\u00e9 a descoberta de praias escondidas e retiros nas montanhas.<\/span><\/p>\n<p style=\"padding-left: 40px;\"><span style=\"color: #000000;\">Nosso compromisso em \u201credefinir o luxo\u201d est\u00e1 presente em cada itiner\u00e1rio planejado com cuidado. Desde um passeio de barco privativo pelos cen\u00e1rios aqu\u00e1ticos de Ninh Binh at\u00e9 um ecoturismo pelas cavernas listadas como Patrim\u00f4nio da Humanidade em Phong Nha &#8211; Ke Bang, cada experi\u00eancia reflete nossa dedica\u00e7\u00e3o em oferecer momentos \u00fanicos e inesquec\u00edveis. Seja nas praias c\u00eanicas de Da Nang, nas tranquilas montanhas de Yen Tu ou nas ilhas intocadas de Con Dao, nossos tours de luxo oferecem tanto relaxamento quanto descoberta, garantindo uma experi\u00eancia de viagem profundamente significativa e satisfat\u00f3ria.<\/span><\/p>\n<figure id=\"attachment_5333\" aria-describedby=\"caption-attachment-5333\" style=\"width: 1280px\" class=\"wp-caption alignnone\"><a href=\"http:\/\/esteemtravelvn.com\/wp-content\/uploads\/2024\/11\/Phong-Nha-Ke-Bang-National-Park.jpg\"><img decoding=\"async\" class=\"size-full wp-image-5333\" src=\"http:\/\/esteemtravelvn.com\/wp-content\/uploads\/2024\/11\/Phong-Nha-Ke-Bang-National-Park.jpg\" alt=\"phong nha ke bang hidden gems in Vietnam\" width=\"1280\" height=\"853\" srcset=\"https:\/\/esteemtravelvn.com\/wp-content\/uploads\/2024\/11\/Phong-Nha-Ke-Bang-National-Park.jpg 1280w, https:\/\/esteemtravelvn.com\/wp-content\/uploads\/2024\/11\/Phong-Nha-Ke-Bang-National-Park-300x200.jpg 300w, https:\/\/esteemtravelvn.com\/wp-content\/uploads\/2024\/11\/Phong-Nha-Ke-Bang-National-Park-1024x682.jpg 1024w, https:\/\/esteemtravelvn.com\/wp-content\/uploads\/2024\/11\/Phong-Nha-Ke-Bang-National-Park-768x512.jpg 768w, https:\/\/esteemtravelvn.com\/wp-content\/uploads\/2024\/11\/Phong-Nha-Ke-Bang-National-Park-800x533.jpg 800w\" sizes=\"(max-width: 1280px) 100vw, 1280px\" \/><\/a><figcaption id=\"caption-attachment-5333\" class=\"wp-caption-text\">Phong Nha Ke Bang cave &#8211; hidden gems in Vietnam<\/figcaption><\/figure>\n<h3 style=\"padding-left: 40px;\"><span style=\"color: #000000;\"><strong>Junte-se a N\u00f3s em uma Jornada de Descoberta e Conex\u00e3o<\/strong> <\/span><\/h3>\n<p style=\"padding-left: 40px;\"><span style=\"color: #000000;\">\u00c0 medida que aguardamos receber novos h\u00f3spedes, nossa miss\u00e3o permanece a mesma: oferecer a melhor experi\u00eancia de ag\u00eancia de viagens no Vietn\u00e3, onde luxo e conex\u00e3o cultural caminham lado a lado. Atendemos todos os tipos de viajantes, seja voc\u00ea quem procura uma viagem econ\u00f4mica ou uma extravagante e inesquec\u00edvel. Com nossa equipe dedicada, a Esteem Vietnam Travel \u00e9 seu portal para as joias escondidas e experi\u00eancias inesquec\u00edveis do Vietn\u00e3.<\/span><\/p>\n<p style=\"padding-left: 40px;\"><span style=\"color: #000000;\">Permita-nos gui\u00e1-lo pela beleza e hist\u00f3ria do Vietn\u00e3, oferecendo uma experi\u00eancia luxuosa, personalizada e profundamente enriquecedora. Na Esteem Vietnam Travel, acreditamos que viajar n\u00e3o \u00e9 apenas uma jornada, mas uma maneira de se conectar com o mundo e consigo mesmo. Deixe-nos transformar sua viagem em uma aventura not\u00e1vel repleta de descobertas, luxo e profundidade cultural.<\/span><\/p>\n","protected":false},"excerpt":{"rendered":"<p>Na Esteem Vietnam Travel, nossa jornada come\u00e7ou h\u00e1 cinco anos com uma vis\u00e3o ousada e inabal\u00e1vel: transformar e elevar o turismo dentro do Vietn\u00e3. Aspiramos trazer uma nova dimens\u00e3o ao turismo dom\u00e9stico, onde cada viagem v\u00e1 al\u00e9m do comum, combinando luxo com experi\u00eancias significativas e imersivas, enraizadas na riqueza da cultura vietnamita. O que come\u00e7ou&#8230;<\/p>\n","protected":false},"author":2,"featured_media":5457,"parent":0,"menu_order":0,"comment_status":"closed","ping_status":"closed","template":"page-blank-title-center.php","meta":{"rank_math_lock_modified_date":false,"footnotes":""},"class_list":["post-5507","page","type-page","status-publish","has-post-thumbnail","hentry"],"acf":[],"_links":{"self":[{"href":"https:\/\/esteemtravelvn.com\/pt-pt\/wp-json\/wp\/v2\/pages\/5507"}],"collection":[{"href":"https:\/\/esteemtravelvn.com\/pt-pt\/wp-json\/wp\/v2\/pages"}],"about":[{"href":"https:\/\/esteemtravelvn.com\/pt-pt\/wp-json\/wp\/v2\/types\/page"}],"author":[{"embeddable":true,"href":"https:\/\/esteemtravelvn.com\/pt-pt\/wp-json\/wp\/v2\/users\/2"}],"replies":[{"embeddable":true,"href":"https:\/\/esteemtravelvn.com\/pt-pt\/wp-json\/wp\/v2\/comments?post=5507"}],"version-history":[{"count":0,"href":"https:\/\/esteemtravelvn.com\/pt-pt\/wp-json\/wp\/v2\/pages\/5507\/revisions"}],"wp:featuredmedia":[{"embeddable":true,"href":"https:\/\/esteemtravelvn.com\/pt-pt\/wp-json\/wp\/v2\/media\/5457"}],"wp:attachment":[{"href":"https:\/\/esteemtravelvn.com\/pt-pt\/wp-json\/wp\/v2\/media?parent=5507"}],"curies":[{"name":"wp","href":"https:\/\/api.w.org\/{rel}","templated":true}]}}