{"id":5989,"date":"2024-12-12T16:39:08","date_gmt":"2024-12-12T09:39:08","guid":{"rendered":"https:\/\/esteemtravelvn.com\/?post_type=product&#038;p=5989"},"modified":"2024-12-12T16:46:17","modified_gmt":"2024-12-12T09:46:17","slug":"joias-escondidas-de-hanoi","status":"publish","type":"product","link":"https:\/\/esteemtravelvn.com\/pt-pt\/tour\/joias-escondidas-de-hanoi\/","title":{"rendered":"Joias escondidas de Han\u00f3i: viagem de 1 dia pela arte, cultura e culin\u00e1ria"},"content":{"rendered":"<h3><span style=\"color: #000000;\">Descri\u00e7\u00e3o do produto &#8211; Joias escondidas de Han\u00f3i:<\/span><\/h3>\n<p><span style=\"color: #000000;\">Joias escondidas de Han\u00f3i: uma excurs\u00e3o de um dia, a encantadora capital do Vietname, \u00e9 uma cidade de contrastes &#8211; um lugar onde as tradi\u00e7\u00f5es antigas se misturam perfeitamente com as influ\u00eancias modernas. Embora marcos ic\u00f3nicos como o Lago Hoan Kiem, o Bairro Antigo e o Mausol\u00e9u de Ho Chi Minh sejam bem conhecidos, Han\u00f3i tamb\u00e9m alberga uma riqueza de joias escondidas que apenas os viajantes mais curiosos podem experimentar.<\/span><\/p>\n<p><span style=\"color: #000000;\">Este passeio ir\u00e1 gui\u00e1-lo para fora dos roteiros mais conhecidos, at\u00e9 ao cora\u00e7\u00e3o do cativante cen\u00e1rio art\u00edstico da cidade, da cultura vibrante, do caf\u00e9 de classe mundial e das irresist\u00edveis del\u00edcias culin\u00e1rias. \u00c9 a forma perfeita de descobrir as j\u00f3ias escondidas de Han\u00f3i para al\u00e9m dos pontos tur\u00edsticos, explorando experi\u00eancias aut\u00eanticas que deixar\u00e3o uma impress\u00e3o duradoura.<\/span><\/p>\n<p><span style=\"color: #000000;\">Descubra a encantadora capital do Vietname atrav\u00e9s dos seus tesouros menos conhecidos. Este passeio cuidadosamente organizado leva-o para fora dos roteiros mais conhecidos para descobrir a arte vibrante de Han\u00f3i, a cultura \u00fanica do caf\u00e9, o artesanato tradicional e a cozinha de fazer crescer \u00e1gua na boca.<\/span><\/p>\n<h3><span style=\"color: #000000;\">O que esperar<\/span><\/h3>\n<h4><span style=\"color: #000000;\"><strong>Art Tour: Explore a cena art\u00edstica emergente de Han\u00f3i &#8211; as joias escondidas de Han\u00f3i<\/strong><\/span><\/h4>\n<figure id=\"attachment_5687\" aria-describedby=\"caption-attachment-5687\" style=\"width: 1725px\" class=\"wp-caption aligncenter\"><a href=\"http:\/\/esteemtravelvn.com\/wp-content\/uploads\/2024\/11\/Hanoi-Studio-Gallery.jpg\"><img decoding=\"async\" class=\"wp-image-5687 size-full\" src=\"http:\/\/esteemtravelvn.com\/wp-content\/uploads\/2024\/11\/Hanoi-Studio-Gallery.jpg\" alt=\"Hanoi's Hidden gems - studio gallery joias escondidas de Han\u00f3i\" width=\"1725\" height=\"1120\" srcset=\"https:\/\/esteemtravelvn.com\/wp-content\/uploads\/2024\/11\/Hanoi-Studio-Gallery.jpg 1725w, https:\/\/esteemtravelvn.com\/wp-content\/uploads\/2024\/11\/Hanoi-Studio-Gallery-300x195.jpg 300w, https:\/\/esteemtravelvn.com\/wp-content\/uploads\/2024\/11\/Hanoi-Studio-Gallery-1024x665.jpg 1024w, https:\/\/esteemtravelvn.com\/wp-content\/uploads\/2024\/11\/Hanoi-Studio-Gallery-768x499.jpg 768w, https:\/\/esteemtravelvn.com\/wp-content\/uploads\/2024\/11\/Hanoi-Studio-Gallery-1536x997.jpg 1536w, https:\/\/esteemtravelvn.com\/wp-content\/uploads\/2024\/11\/Hanoi-Studio-Gallery-800x519.jpg 800w\" sizes=\"(max-width: 1725px) 100vw, 1725px\" \/><\/a><figcaption id=\"caption-attachment-5687\" class=\"wp-caption-text\">Hanoi&#8217;s Hidden gems &#8211; studio gallery joias escondidas de Han\u00f3i<\/figcaption><\/figure>\n<p><span style=\"color: #000000;\">Comece o dia mergulhando na vibrante cena art\u00edstica de Han\u00f3i. Visite galerias e est\u00fadios que apresentam obras dos jovens artistas mais promissores da cidade. Obtenha insights \u00fanicos sobre a cultura vietnamita moderna atrav\u00e9s das suas express\u00f5es criativas, com oportunidades de interagir diretamente com os pr\u00f3prios artistas.<\/span><\/p>\n<p><span style=\"color: #000000;\"><strong>Experi\u00eancia de degusta\u00e7\u00e3o de caf\u00e9: revelada a cultura do caf\u00e9 de Han\u00f3i<\/strong><\/span><\/p>\n<p><span style=\"color: #000000;\">Mergulhe na cultura cafeeira de Han\u00f3i com uma visita guiada a caf\u00e9s escondidos. Prove cervejas exclusivas como Egg Coffee e Hanoi cappuccino enquanto aprende a fascinante hist\u00f3ria e os segredos por detr\u00e1s destas bebidas ic\u00f3nicas. Desde uma encantadora mans\u00e3o da era francesa a caf\u00e9s escondidos no bairro antigo, esta experi\u00eancia despertar\u00e1 o seu paladar.<\/span><\/p>\n<p><span style=\"color: #000000;\"><strong>Craft Village Tour: tradi\u00e7\u00f5es intemporais de Han\u00f3i &#8211;\u00a0joias escondidas de Han\u00f3i<\/strong><\/span><\/p>\n<p>&nbsp;<\/p>\n<figure id=\"attachment_5674\" aria-describedby=\"caption-attachment-5674\" style=\"width: 1350px\" class=\"wp-caption alignnone\"><a href=\"http:\/\/esteemtravelvn.com\/wp-content\/uploads\/2024\/11\/Bat-Trang-Ha-Noi.png\"><img decoding=\"async\" class=\"wp-image-5674 size-full\" src=\"http:\/\/esteemtravelvn.com\/wp-content\/uploads\/2024\/11\/Bat-Trang-Ha-Noi.png\" alt=\"Bat Trang Hanoi Hidden gems Vila de cer\u00e2mica Bat Trang, Ha Noi\" width=\"1350\" height=\"845\" srcset=\"https:\/\/esteemtravelvn.com\/wp-content\/uploads\/2024\/11\/Bat-Trang-Ha-Noi.png 1350w, https:\/\/esteemtravelvn.com\/wp-content\/uploads\/2024\/11\/Bat-Trang-Ha-Noi-300x188.png 300w, https:\/\/esteemtravelvn.com\/wp-content\/uploads\/2024\/11\/Bat-Trang-Ha-Noi-1024x641.png 1024w, https:\/\/esteemtravelvn.com\/wp-content\/uploads\/2024\/11\/Bat-Trang-Ha-Noi-768x481.png 768w, https:\/\/esteemtravelvn.com\/wp-content\/uploads\/2024\/11\/Bat-Trang-Ha-Noi-800x501.png 800w\" sizes=\"(max-width: 1350px) 100vw, 1350px\" \/><\/a><figcaption id=\"caption-attachment-5674\" class=\"wp-caption-text\">Vila de cer\u00e2mica Bat Trang, Ha Noi<\/figcaption><\/figure>\n<p><span style=\"color: #000000;\">Saia da movimentada cidade para explorar as vilas artesanais mais famosas de Han\u00f3i. Descubra o intrincado processo por detr\u00e1s da cer\u00e2mica, da laca e do fabrico de seda ao conhecer artes\u00e3os qualificados que mant\u00eam vivas estas tradi\u00e7\u00f5es. Participe em workshops pr\u00e1ticos para criar a sua pr\u00f3pria pe\u00e7a de artesanato vietnamita.<\/span><\/p>\n<h4><span style=\"color: #000000;\"><strong>Excurs\u00e3o gastron\u00f3mica noturna com\u00a0joias escondidas de Han\u00f3i: uma aventura culin\u00e1ria e cultural<\/strong><\/span><\/h4>\n<p><a href=\"http:\/\/esteemtravelvn.com\/wp-content\/uploads\/2024\/11\/Hanoi-train-street-history.jpg\"><img decoding=\"async\" class=\"alignnone wp-image-5383 size-full\" src=\"http:\/\/esteemtravelvn.com\/wp-content\/uploads\/2024\/11\/Hanoi-train-street-history.jpg\" alt=\"Hanoi's hidden gems joias escondidas de Han\u00f3i\" width=\"1000\" height=\"667\" srcset=\"https:\/\/esteemtravelvn.com\/wp-content\/uploads\/2024\/11\/Hanoi-train-street-history.jpg 1000w, https:\/\/esteemtravelvn.com\/wp-content\/uploads\/2024\/11\/Hanoi-train-street-history-300x200.jpg 300w, https:\/\/esteemtravelvn.com\/wp-content\/uploads\/2024\/11\/Hanoi-train-street-history-768x512.jpg 768w, https:\/\/esteemtravelvn.com\/wp-content\/uploads\/2024\/11\/Hanoi-train-street-history-800x534.jpg 800w\" sizes=\"(max-width: 1000px) 100vw, 1000px\" \/><\/a> <a href=\"http:\/\/esteemtravelvn.com\/wp-content\/uploads\/2024\/11\/hanoi-street-food-tour-Pho.webp\"><img decoding=\"async\" class=\"alignnone wp-image-5708 size-full\" src=\"http:\/\/esteemtravelvn.com\/wp-content\/uploads\/2024\/11\/hanoi-street-food-tour-Pho.webp\" alt=\"Hanoi's Hidden gems - joias escondidas de Han\u00f3i\" width=\"1020\" height=\"681\" srcset=\"https:\/\/esteemtravelvn.com\/wp-content\/uploads\/2024\/11\/hanoi-street-food-tour-Pho.webp 1020w, https:\/\/esteemtravelvn.com\/wp-content\/uploads\/2024\/11\/hanoi-street-food-tour-Pho-300x200.webp 300w, https:\/\/esteemtravelvn.com\/wp-content\/uploads\/2024\/11\/hanoi-street-food-tour-Pho-768x513.webp 768w, https:\/\/esteemtravelvn.com\/wp-content\/uploads\/2024\/11\/hanoi-street-food-tour-Pho-800x534.webp 800w\" sizes=\"(max-width: 1020px) 100vw, 1020px\" \/><\/a><\/p>\n<p><span style=\"color: #000000;\">Termine o dia com um passeio gastron\u00f3mico a p\u00e9 pelas ruelas escondidas do bairro antigo. Saboreie 7 a 10 pratos aut\u00eanticos, incluindo especialidades de rua e receitas familiares \u00fanicas. Esta experi\u00eancia imersiva destaca a diversidade e a hist\u00f3ria da paisagem culin\u00e1ria de Han\u00f3i, influenciada pelas cozinhas vietnamita, francesa e chinesa.<\/span><\/p>\n<p><span style=\"color: #000000;\"><strong>Inclus\u00f5es do passeio &#8211;\u00a0joias escondidas de Han\u00f3i:<\/strong><\/span><\/p>\n<p><span style=\"color: #000000;\">Transporte privado para aldeias artesanais.<\/span><br \/>\n<span style=\"color: #000000;\">Experi\u00eancias guiadas com especialistas locais.<\/span><br \/>\n<span style=\"color: #000000;\">Todas as degusta\u00e7\u00f5es de comida e bebida durante os Coffee and Food Tours.<\/span><br \/>\n<span style=\"color: #000000;\">Workshops e atividades pr\u00e1ticas.<\/span><\/p>\n<p><span style=\"color: #000000;\"><strong>Exclus\u00f5es do passeio: Despesas pessoais.<\/strong><\/span><\/p>\n<p><span style=\"color: #000000;\">Este passeio Hidden Gems de Han\u00f3i promete desvendar as hist\u00f3rias n\u00e3o contadas da cidade, proporcionando um dia inesquec\u00edvel de descoberta, criatividade e indulg\u00eancia.<\/span><br \/>\n<span style=\"color: #000000;\">Contacte-nos para mais informa\u00e7\u00f5es em Esteemtravelvn.com<\/span><br \/>\n<span style=\"color: #000000;\">Refer\u00eancia: <a href=\"https:\/\/wanderlog.com\/list\/geoCategory\/98997\/best-art-galleries-in-hanoi\" target=\"_blank\" rel=\"noopener\">Galeria de arte em Han\u00f3i<\/a><\/span><\/p>\n","protected":false},"excerpt":{"rendered":"<div>Excurs\u00e3o \u00e0s joias escondidas de Han\u00f3i: um dia de arte, caf\u00e9, cultura e gastronomia<\/div>\n<div><\/div>\n<div>Embarque numa viagem com curadoria pelos tesouros menos conhecidos de Han\u00f3i, perfeita para quem procura experi\u00eancias \u00fanicas e aut\u00eanticas para al\u00e9m dos pontos tur\u00edsticos habituais. Esta excurs\u00e3o de um dia revela o pulsar art\u00edstico, culin\u00e1rio e cultural da capital vietnamita e apresenta os seus tesouros escondidos de uma forma enriquecedora e inesquec\u00edvel.<\/div>\n","protected":false},"featured_media":5674,"comment_status":"closed","ping_status":"closed","template":"","meta":{"rank_math_lock_modified_date":false},"product_cat":[178],"product_tag":[668,670,669,676,667,673,674,672,675,671],"class_list":{"0":"post-5989","1":"product","2":"type-product","3":"status-publish","4":"has-post-thumbnail","6":"product_cat-classic-highlights","7":"product_tag-arte-em-hanoi","8":"product_tag-culinaria-vietnamita","9":"product_tag-cultura-de-hanoi","10":"product_tag-experiencia-gastronomica-em-hanoi","11":"product_tag-joias-escondidas-de-hanoi","12":"product_tag-lugares-secretos-em-hanoi","13":"product_tag-pontos-turisticos-de-hanoi","14":"product_tag-turismo-em-hanoi","15":"product_tag-viagem-cultural-no-vietna","16":"product_tag-viagem-de-1-dia-em-hanoi","18":"first","19":"instock","20":"shipping-taxable","21":"product-type-simple"},"acf":[],"_links":{"self":[{"href":"https:\/\/esteemtravelvn.com\/pt-pt\/wp-json\/wp\/v2\/product\/5989"}],"collection":[{"href":"https:\/\/esteemtravelvn.com\/pt-pt\/wp-json\/wp\/v2\/product"}],"about":[{"href":"https:\/\/esteemtravelvn.com\/pt-pt\/wp-json\/wp\/v2\/types\/product"}],"replies":[{"embeddable":true,"href":"https:\/\/esteemtravelvn.com\/pt-pt\/wp-json\/wp\/v2\/comments?post=5989"}],"wp:featuredmedia":[{"embeddable":true,"href":"https:\/\/esteemtravelvn.com\/pt-pt\/wp-json\/wp\/v2\/media\/5674"}],"wp:attachment":[{"href":"https:\/\/esteemtravelvn.com\/pt-pt\/wp-json\/wp\/v2\/media?parent=5989"}],"wp:term":[{"taxonomy":"product_cat","embeddable":true,"href":"https:\/\/esteemtravelvn.com\/pt-pt\/wp-json\/wp\/v2\/product_cat?post=5989"},{"taxonomy":"product_tag","embeddable":true,"href":"https:\/\/esteemtravelvn.com\/pt-pt\/wp-json\/wp\/v2\/product_tag?post=5989"}],"curies":[{"name":"wp","href":"https:\/\/api.w.org\/{rel}","templated":true}]}}